{"id":11634,"date":"2026-02-01T00:01:00","date_gmt":"2026-01-31T23:01:00","guid":{"rendered":"https:\/\/cyrkus.eu\/?page_id=11634"},"modified":"2026-01-16T12:32:45","modified_gmt":"2026-01-16T11:32:45","slug":"cyrkus-w-lecie-rejestracja-youth-special-2026","status":"publish","type":"page","link":"https:\/\/cyrkus.eu\/pl\/cyrkus\/cyrkus-w-lecie\/cyrkus-w-lecie-rejestracja-youth-special-2026\/","title":{"rendered":"CYRKUS w lecie &#8211; Rejestracja Youth Special"},"content":{"rendered":"\n<div class=\"breit Ueberschrift-Titel\">\n<h1 class=\"wp-block-heading\">Zapisy na CYRKUS w lecie | im Sommer Youth Special 2026<\/h1>\n<\/div>\n\n\n\n<div class=\"breit Container-Durchsichtig\">\n<div class=\"gb-element-73ab77e7\">\n<div>\n<img loading=\"lazy\" decoding=\"async\" width=\"1024\" height=\"1024\" src=\"https:\/\/cyrkus.eu\/wp-content\/uploads\/2025\/04\/cyrkus-im-sommer.webp\" title=\"Cyrkus im Sommer - Florian G\u00e4rtner\" alt=\"Cyrkus im Sommer - Florian G\u00e4rtner\" srcset=\"https:\/\/cyrkus.eu\/wp-content\/uploads\/2025\/04\/cyrkus-im-sommer.webp 1024w, https:\/\/cyrkus.eu\/wp-content\/uploads\/2025\/04\/cyrkus-im-sommer-800x800.webp 800w, https:\/\/cyrkus.eu\/wp-content\/uploads\/2025\/04\/cyrkus-im-sommer-340x340.webp 340w, https:\/\/cyrkus.eu\/wp-content\/uploads\/2025\/04\/cyrkus-im-sommer-768x768.webp 768w\" sizes=\"auto, (max-width: 1024px) 100vw, 1024px\" \/>\n<\/div>\n\n\n\n<div>\n<p><strong>Kiedy?<\/strong> 13.07-18.07.2026 (Poniedzia\u0142ek-Sobota)<br><strong>Gdzie?<\/strong>\u00a0K\u00fchlhaus G\u00f6rlitz, Am Bhf Weinh\u00fcbel 2, 02827 G\u00f6rlitz<br><strong>Dla kogo?<\/strong> Dla dzieci od lat 14<br><strong>Koszt?<\/strong> 900 z\u0142 <em>(W przypadku trudno\u015bci z zap\u0142aceniem tej sumy prosimy o indywidualny kontakt \u2013 wsp\u00f3lnie znajdziemy rozwi\u0105zanie. W naszej pracy chodzi nam o to, \u017ceby udzia\u0142 w naszych wydarzeniach by\u0142 dost\u0119pny dla wszystkich zainteresowanych.)<\/em><\/p>\n\n\n\n<p>To nowa oferta skierowana g\u0142\u00f3wnie do m\u0142odzie\u017cy od 14 roku \u017cycia, kt\u00f3ra bra\u0142a ju\u017c udzia\u0142 w naszych obozach CYRKUSowych lub pierwsze kroki w r\u00f3\u017cnych dyscyplinach cyrkowych ma za sob\u0105. W razie jakichkolwiek pyta\u0144 prosimy o kontakt. Przewidziano 35 miejsc dla m\u0142odych ludzi z Polski oraz 35 z Niemiec.<\/p>\n\n\n\n<p>Zapisy s\u0105 konieczne, aby zg\u0142osi\u0107 dziecko\/dzieci na ob\u00f3z cyrkowy, ale nie s\u0105 jednoznaczne z przyznaniem miejsca, kt\u00f3re b\u0119dzie przydzielane wed\u0142ug kolejno\u015bci zg\u0142osze\u0144. Prosimy o sprawdzenie swoich maili, na kt\u00f3re prze\u015blemy dalsze informacje.<\/p>\n<\/div>\n<\/div>\n<\/div>\n\n\n\n<div class=\"breit Container-Orange\">\n<h2 class=\"wp-block-heading\">Formularz Rejestracyjny<\/h2>\n\n\n\n<style id=\"wpforms-css-vars-11627\">\n\t\t\t\t#wpforms-11627 {\n\t\t\t\t--wpforms-field-size-input-height: 43px;\n--wpforms-field-size-input-spacing: 15px;\n--wpforms-field-size-font-size: 16px;\n--wpforms-field-size-line-height: 19px;\n--wpforms-field-size-padding-h: 14px;\n--wpforms-field-size-checkbox-size: 16px;\n--wpforms-field-size-sublabel-spacing: 5px;\n--wpforms-field-size-icon-size: 1;\n--wpforms-label-size-font-size: 16px;\n--wpforms-label-size-line-height: 19px;\n--wpforms-label-size-sublabel-font-size: 14px;\n--wpforms-label-size-sublabel-line-height: 17px;\n--wpforms-button-size-font-size: 17px;\n--wpforms-button-size-height: 41px;\n--wpforms-button-size-padding-h: 15px;\n--wpforms-button-size-margin-top: 10px;\n--wpforms-container-shadow-size-box-shadow: none;\n\t\t\t}\n\t\t\t<\/style><div class=\"wpforms-container wpforms-container-full wpforms-render-modern\" id=\"wpforms-11627\"><form id=\"wpforms-form-11627\" class=\"wpforms-validate wpforms-form wpforms-ajax-form\" data-formid=\"11627\" method=\"post\" enctype=\"multipart\/form-data\" action=\"\/pl\/wp-json\/wp\/v2\/pages\/11634\" data-token=\"b404b6376f5197482715ecb443904f32\" data-token-time=\"1776616191\"><noscript class=\"wpforms-error-noscript\">Aby wype\u0142ni\u0107 ten formularz, w\u0142\u0105cz obs\u0142ug\u0119 JavaScript w przegl\u0105darce.<\/noscript><div id=\"wpforms-error-noscript\" style=\"display: none;\">Aby wype\u0142ni\u0107 ten formularz, w\u0142\u0105cz obs\u0142ug\u0119 JavaScript w przegl\u0105darce.<\/div><div class=\"wpforms-field-container\"><div id=\"wpforms-11627-field_3-container\" class=\"wpforms-field wpforms-field-name\" data-field-id=\"3\"><fieldset><legend class=\"wpforms-field-label\">Imi\u0119 i nazwisko dziecka <span class=\"wpforms-required-label\" aria-hidden=\"true\">*<\/span><\/legend><div class=\"wpforms-field-row wpforms-field-medium\"><div class=\"wpforms-field-row-block wpforms-first wpforms-one-half\"><input type=\"text\" id=\"wpforms-11627-field_3\" class=\"wpforms-field-name-first wpforms-field-required\" name=\"wpforms[fields][3][first]\" placeholder=\"Imi\u0119\" aria-errormessage=\"wpforms-11627-field_3-error\" required><label for=\"wpforms-11627-field_3\" class=\"wpforms-field-sublabel after wpforms-sublabel-hide\">Pierwszy<\/label><\/div><div class=\"wpforms-field-row-block wpforms-one-half\"><input type=\"text\" id=\"wpforms-11627-field_3-last\" class=\"wpforms-field-name-last wpforms-field-required\" name=\"wpforms[fields][3][last]\" placeholder=\"Nazwisko\" aria-errormessage=\"wpforms-11627-field_3-last-error\" required><label for=\"wpforms-11627-field_3-last\" class=\"wpforms-field-sublabel after wpforms-sublabel-hide\">Ostatni<\/label><\/div><\/div><\/fieldset><\/div><div id=\"wpforms-11627-field_16-container\" class=\"wpforms-field wpforms-field-text\" data-field-id=\"16\"><label class=\"wpforms-field-label\" for=\"wpforms-11627-field_16\">Data urodzenia dziecka <span class=\"wpforms-required-label\" aria-hidden=\"true\">*<\/span><\/label><input type=\"text\" id=\"wpforms-11627-field_16\" class=\"wpforms-field-medium wpforms-field-required\" name=\"wpforms[fields][16]\" placeholder=\"xx.xx.xxxx\" aria-errormessage=\"wpforms-11627-field_16-error\" required><\/div><div id=\"wpforms-11627-field_17-container\" class=\"wpforms-field wpforms-field-select wpforms-field-select-style-classic\" data-field-id=\"17\"><label class=\"wpforms-field-label\" for=\"wpforms-11627-field_17\">Do momentu rozpocz\u0119cia obozu moje dziecko sko\u0144czy: <span class=\"wpforms-required-label\" aria-hidden=\"true\">*<\/span><\/label><select id=\"wpforms-11627-field_17\" class=\"wpforms-field-medium wpforms-field-required\" name=\"wpforms[fields][17]\" required=\"required\"><option value=\"... 14 lat.\"  class=\"choice-1 depth-1\"  >... 14 lat.<\/option><option value=\"... 15 lat.\"  class=\"choice-2 depth-1\"  >... 15 lat.<\/option><option value=\"... 16 lat.\"  class=\"choice-3 depth-1\"  >... 16 lat.<\/option><option value=\"... 17 lat.\"  class=\"choice-4 depth-1\"  >... 17 lat.<\/option><option value=\"... 18 i wi\u0119cej\"  class=\"choice-5 depth-1\"  >... 18 i wi\u0119cej<\/option><\/select><\/div><div id=\"wpforms-11627-field_8-container\" class=\"wpforms-field wpforms-field-select wpforms-field-select-style-classic\" data-field-id=\"8\"><label class=\"wpforms-field-label\" for=\"wpforms-11627-field_8\">Narodowo\u015b\u0107 <span class=\"wpforms-required-label\" aria-hidden=\"true\">*<\/span><\/label><select id=\"wpforms-11627-field_8\" class=\"wpforms-field-medium wpforms-field-required\" name=\"wpforms[fields][8]\" required=\"required\"><option value=\"Polski\"  class=\"choice-2 depth-1\"  >Polski<\/option><option value=\"Niemiecki\"  class=\"choice-1 depth-1\"  >Niemiecki<\/option><\/select><\/div><div id=\"wpforms-11627-field_11-container\" class=\"wpforms-field wpforms-field-textarea\" data-field-id=\"11\"><label class=\"wpforms-field-label\" for=\"wpforms-11627-field_11\">Adres zamieszkania (kod pocztowy miasto, ulica, nr domu\/mieszkania) <span class=\"wpforms-required-label\" aria-hidden=\"true\">*<\/span><\/label><textarea id=\"wpforms-11627-field_11\" class=\"wpforms-field-medium wpforms-field-required\" name=\"wpforms[fields][11]\" placeholder=\"kod pocztowy miasto, ulica, nr domu\/mieszkania\" aria-errormessage=\"wpforms-11627-field_11-error\" required><\/textarea><\/div><div id=\"wpforms-11627-field_7-container\" class=\"wpforms-field wpforms-field-select wpforms-field-select-style-classic\" data-field-id=\"7\"><label class=\"wpforms-field-label\" for=\"wpforms-11627-field_7\">Czy dziecko bra\u0142o ju\u017c udzia\u0142 w CYRKUSie w lecie | im Sommer? <span class=\"wpforms-required-label\" aria-hidden=\"true\">*<\/span><\/label><select id=\"wpforms-11627-field_7\" class=\"wpforms-field-medium wpforms-field-required\" name=\"wpforms[fields][7]\" required=\"required\"><option value=\"Tak\"  class=\"choice-1 depth-1\"  >Tak<\/option><option value=\"Nie\"  class=\"choice-2 depth-1\"  >Nie<\/option><\/select><\/div><div id=\"wpforms-11627-field_19-container\" class=\"wpforms-field wpforms-field-textarea\" data-field-id=\"19\"><label class=\"wpforms-field-label\" for=\"wpforms-11627-field_19\">Jakie do\u015bwiadczenia cyrkowe ma dziecko? <span class=\"wpforms-required-label\" aria-hidden=\"true\">*<\/span><\/label><textarea id=\"wpforms-11627-field_19\" class=\"wpforms-field-medium wpforms-field-required\" name=\"wpforms[fields][19]\" aria-errormessage=\"wpforms-11627-field_19-error\" required><\/textarea><\/div><div id=\"wpforms-11627-field_12-container\" class=\"wpforms-field wpforms-field-name\" data-field-id=\"12\"><fieldset><legend class=\"wpforms-field-label\">Imi\u0119 i nazwisko rodzica \/ rodzic\u00f3w <span class=\"wpforms-required-label\" aria-hidden=\"true\">*<\/span><\/legend><div class=\"wpforms-field-row wpforms-field-medium\"><div class=\"wpforms-field-row-block wpforms-first wpforms-one-half\"><input type=\"text\" id=\"wpforms-11627-field_12\" class=\"wpforms-field-name-first wpforms-field-required\" name=\"wpforms[fields][12][first]\" placeholder=\"Imi\u0119\" aria-errormessage=\"wpforms-11627-field_12-error\" required><label for=\"wpforms-11627-field_12\" class=\"wpforms-field-sublabel after wpforms-sublabel-hide\">Pierwszy<\/label><\/div><div class=\"wpforms-field-row-block wpforms-one-half\"><input type=\"text\" id=\"wpforms-11627-field_12-last\" class=\"wpforms-field-name-last wpforms-field-required\" name=\"wpforms[fields][12][last]\" placeholder=\"Nazwisko\" aria-errormessage=\"wpforms-11627-field_12-last-error\" required><label for=\"wpforms-11627-field_12-last\" class=\"wpforms-field-sublabel after wpforms-sublabel-hide\">Ostatni<\/label><\/div><\/div><\/fieldset><\/div><div id=\"wpforms-11627-field_1-container\" class=\"wpforms-field wpforms-field-email\" data-field-id=\"1\"><label class=\"wpforms-field-label\" for=\"wpforms-11627-field_1\">Adres mejlowy rodzic\u00f3w <span class=\"wpforms-required-label\" aria-hidden=\"true\">*<\/span><\/label><input type=\"email\" id=\"wpforms-11627-field_1\" class=\"wpforms-field-medium wpforms-field-required\" name=\"wpforms[fields][1]\" placeholder=\"Adres mejlowy\" spellcheck=\"false\" aria-errormessage=\"wpforms-11627-field_1-error\" required><\/div><div id=\"wpforms-11627-field_9-container\" class=\"wpforms-field wpforms-field-text\" data-field-id=\"9\"><label class=\"wpforms-field-label\" for=\"wpforms-11627-field_9\">Numery telefon\u00f3w rodzic\u00f3w <span class=\"wpforms-required-label\" aria-hidden=\"true\">*<\/span><\/label><input type=\"text\" id=\"wpforms-11627-field_9\" class=\"wpforms-field-medium wpforms-field-required\" name=\"wpforms[fields][9]\" placeholder=\"Numery telefon\u00f3w rodzic\u00f3w\" aria-errormessage=\"wpforms-11627-field_9-error\" required><\/div><div id=\"wpforms-11627-field_13-container\" class=\"wpforms-field wpforms-field-checkbox\" data-field-id=\"13\"><fieldset><legend class=\"wpforms-field-label\">Informacje o ochronie danych osobowych: <span class=\"wpforms-required-label\" aria-hidden=\"true\">*<\/span><\/legend><ul id=\"wpforms-11627-field_13\" class=\"wpforms-field-required\"><li class=\"choice-1 depth-1\"><input type=\"checkbox\" id=\"wpforms-11627-field_13_1\" name=\"wpforms[fields][13][]\" value=\"Wyra\u017cam zgod\u0119 na zapis danych oraz potwierdzam ich zgodno\u015b\u0107.\" aria-errormessage=\"wpforms-11627-field_13_1-error\" aria-describedby=\"wpforms-11627-field_13-description\" required ><label class=\"wpforms-field-label-inline\" for=\"wpforms-11627-field_13_1\">Wyra\u017cam zgod\u0119 na zapis danych oraz potwierdzam ich zgodno\u015b\u0107.<\/label><\/li><\/ul><div id=\"wpforms-11627-field_13-description\" class=\"wpforms-field-description wpforms-disclaimer-description\">1. Wype\u0142niaj\u0105c formularz wyra\u017cam zgod\u0119 na przetwarzanie moich danych osobowych przez Kultur Br\u00fccken e.V., Handwerk 13, 02826 G\u00f6rlitz w celach zwi\u0105zanych z przygotowaniem warsztat\u00f3w i udost\u0119pnianiem informacji o nich. <br \/>\n<br \/>\n2. Dane podaj\u0119 dobrowolnie, a podstaw\u0105 przetwarzania jest moja zgoda. <br \/>\n<br \/>\n3. Wyra\u017caj\u0105c zgod\u0119 zosta\u0142em\/-am poinformowany\/-a, \u017ce mam prawo do: \u017c\u0105dania od administratora dost\u0119pu do moich danych; \u017c\u0105dania ich sprostowania; \u017c\u0105dania ich usuni\u0119cia lub ograniczenia przetwarzania; wniesienia skargi. <br \/>\n<br \/>\n4.Z administratorem mo\u017cna skontaktowa\u0107 si\u0119 przesy\u0142aj\u0105c e-mail na adres: kontakt@cyrkus.eu, a tak\u017ce za po\u015brednictwem poczty tradycyjnej pod wskazanym powy\u017cej adresem siedziby administratora.<br \/>\n<\/div><\/fieldset><\/div><div id=\"wpforms-11627-field_18-container\" class=\"wpforms-field wpforms-field-textarea\" data-field-id=\"18\"><label class=\"wpforms-field-label\" for=\"wpforms-11627-field_18\">Textabsatz<\/label><textarea id=\"wpforms-11627-field_18\" class=\"wpforms-field-medium\" name=\"wpforms[fields][18]\" aria-errormessage=\"wpforms-11627-field_18-error\" ><\/textarea><\/div><\/div><!-- .wpforms-field-container --><div class=\"wpforms-submit-container\" ><input type=\"hidden\" name=\"wpforms[id]\" value=\"11627\"><input type=\"hidden\" name=\"page_title\" value=\"\"><input type=\"hidden\" name=\"page_url\" value=\"https:\/\/cyrkus.eu\/pl\/wp-json\/wp\/v2\/pages\/11634\"><input type=\"hidden\" name=\"url_referer\" value=\"\"><button type=\"submit\" name=\"wpforms[submit]\" id=\"wpforms-submit-11627\" class=\"wpforms-submit\" data-alt-text=\"Jest wys\u0142any ...\" data-submit-text=\"Zarejestruj si\u0119 teraz\" aria-live=\"assertive\" value=\"wpforms-submit\">Zarejestruj si\u0119 teraz<\/button><img loading=\"lazy\" decoding=\"async\" src=\"https:\/\/cyrkus.eu\/wp-content\/plugins\/wpforms\/assets\/images\/submit-spin.svg\" class=\"wpforms-submit-spinner\" style=\"display: none;\" width=\"26\" height=\"26\" alt=\"Wczytywanie\"><\/div><\/form><\/div>  <!-- .wpforms-container -->\n<\/div>\n","protected":false},"excerpt":{"rendered":"<p>Zapisy na CYRKUS w lecie | im Sommer Youth Special 2026 Kiedy? 13.07-18.07.2026 (Poniedzia\u0142ek-Sobota)Gdzie?\u00a0K\u00fchlhaus G\u00f6rlitz, &#8230; <a title=\"CYRKUS w lecie &#8211; Rejestracja Youth Special\" class=\"read-more\" href=\"https:\/\/cyrkus.eu\/pl\/cyrkus\/cyrkus-w-lecie\/cyrkus-w-lecie-rejestracja-youth-special-2026\/\" aria-label=\"Dowiedz si\u0119 wi\u0119cej o CYRKUS w lecie &#8211; Rejestracja Youth Special\">Czytaj dalej<\/a><\/p>\n","protected":false},"author":9,"featured_media":0,"parent":331,"menu_order":0,"comment_status":"closed","ping_status":"closed","template":"","meta":{"footnotes":""},"class_list":["post-11634","page","type-page","status-publish"],"_links":{"self":[{"href":"https:\/\/cyrkus.eu\/pl\/wp-json\/wp\/v2\/pages\/11634","targetHints":{"allow":["GET"]}}],"collection":[{"href":"https:\/\/cyrkus.eu\/pl\/wp-json\/wp\/v2\/pages"}],"about":[{"href":"https:\/\/cyrkus.eu\/pl\/wp-json\/wp\/v2\/types\/page"}],"author":[{"embeddable":true,"href":"https:\/\/cyrkus.eu\/pl\/wp-json\/wp\/v2\/users\/9"}],"replies":[{"embeddable":true,"href":"https:\/\/cyrkus.eu\/pl\/wp-json\/wp\/v2\/comments?post=11634"}],"version-history":[{"count":1,"href":"https:\/\/cyrkus.eu\/pl\/wp-json\/wp\/v2\/pages\/11634\/revisions"}],"predecessor-version":[{"id":11641,"href":"https:\/\/cyrkus.eu\/pl\/wp-json\/wp\/v2\/pages\/11634\/revisions\/11641"}],"up":[{"embeddable":true,"href":"https:\/\/cyrkus.eu\/pl\/wp-json\/wp\/v2\/pages\/331"}],"wp:attachment":[{"href":"https:\/\/cyrkus.eu\/pl\/wp-json\/wp\/v2\/media?parent=11634"}],"curies":[{"name":"wp","href":"https:\/\/api.w.org\/{rel}","templated":true}]}}