{"id":333,"date":"2016-04-28T18:46:01","date_gmt":"2016-04-28T18:46:01","guid":{"rendered":"https:\/\/cyrkus.eu\/pl\/?page_id=333"},"modified":"2025-03-19T11:26:18","modified_gmt":"2025-03-19T10:26:18","slug":"team","status":"publish","type":"page","link":"https:\/\/cyrkus.eu\/pl\/stowarzyszenie\/team\/","title":{"rendered":"Jak wst\u0105pi\u0107 do stowarzyszenia?"},"content":{"rendered":"\n<div class=\"breit Ueberschrift-Titel\">\n<h1 class=\"wp-block-heading\">Jak wst\u0105pi\u0107 do stowarzyszenia?<\/h1>\n<\/div>\n\n\n\n<div class=\"breit Container-Durchsichtig\">\n<div class=\"gb-element-1f59518a\">\n<div>\n<a href=\"https:\/\/cyrkus.eu\/wp-content\/uploads\/2025\/03\/mitglied-werden.webp\" target=\"\"><img loading=\"lazy\" decoding=\"async\" width=\"1024\" height=\"1024\" src=\"https:\/\/cyrkus.eu\/wp-content\/uploads\/2025\/03\/mitglied-werden.webp\" srcset=\"https:\/\/cyrkus.eu\/wp-content\/uploads\/2025\/03\/mitglied-werden.webp 1024w, https:\/\/cyrkus.eu\/wp-content\/uploads\/2025\/03\/mitglied-werden-800x800.webp 800w, https:\/\/cyrkus.eu\/wp-content\/uploads\/2025\/03\/mitglied-werden-340x340.webp 340w, https:\/\/cyrkus.eu\/wp-content\/uploads\/2025\/03\/mitglied-werden-768x768.webp 768w\" sizes=\"auto, (max-width: 1024px) 100vw, 1024px\" \/><\/a>\n<\/div>\n\n\n\n<div>\n<p>Zesp\u00f3\u0142 stowarzyszenia KulturBr\u00fccken G\u00f6rlitz e.V. jest barwny: od pedagog\u00f3w cyrku, przez&nbsp;mened\u017cerki kultury, pedagog\u00f3w leczniczych, po\u015bredniczki j\u0119zykowe, student\u00f3w, po&nbsp;kulturoznawc\u00f3w i innych, sk\u0142ada si\u0119 z ludzi z r\u00f3\u017cnych bran\u017c. Ka\u017cdy jest jedyny w swoim rodzaju, a&nbsp;razem tworzymy zgran\u0105 ca\u0142o\u015b\u0107.<\/p>\n<\/div>\n<\/div>\n<\/div>\n\n\n\n<div class=\"breit Container-Lila\">\n<div class=\"gb-element-a0e26578\">\n<div>\n<p>Zesp\u00f3\u0142 jest otwarty na nowe twarze i pomys\u0142y, kt\u00f3re chc\u0105 spe\u0142nia\u0107 cele stowarzyszenia&nbsp;niezale\u017cnie, od tego, czy:<\/p>\n\n\n\n<ul class=\"wp-block-list\">\n<li>jako sta\u0142y, aktywny cz\u0142onek stowarzyszenia (zdolno\u015bci cyrkowe nie s\u0105 kryterium przyj\u0119cia),<\/li>\n\n\n\n<li>wsparcie zespo\u0142u przy projektach bez cz\u0142onkostwa w stowarzyszeniu, lub<\/li>\n\n\n\n<li>cz\u0142onek, kt\u00f3ry wspiera w spos\u00f3b idealistyczny lub finansowy prac\u0119 stowarzyszenia&nbsp;KulturBr\u00fccken G\u00f6rlitz e.V..<\/li>\n<\/ul>\n<\/div>\n\n\n\n<div>\n<a href=\"https:\/\/cyrkus.eu\/wp-content\/uploads\/2025\/03\/mitglied-werden.webp\" target=\"\"><img loading=\"lazy\" decoding=\"async\" width=\"1024\" height=\"1024\" src=\"https:\/\/cyrkus.eu\/wp-content\/uploads\/2025\/03\/youth.webp\" title=\"youth\" srcset=\"https:\/\/cyrkus.eu\/wp-content\/uploads\/2025\/03\/youth.webp 1024w, https:\/\/cyrkus.eu\/wp-content\/uploads\/2025\/03\/youth-800x800.webp 800w, https:\/\/cyrkus.eu\/wp-content\/uploads\/2025\/03\/youth-340x340.webp 340w, https:\/\/cyrkus.eu\/wp-content\/uploads\/2025\/03\/youth-768x768.webp 768w\" sizes=\"auto, (max-width: 1024px) 100vw, 1024px\" \/><\/a>\n<\/div>\n<\/div>\n<\/div>\n","protected":false},"excerpt":{"rendered":"<p>Jak wst\u0105pi\u0107 do stowarzyszenia? Zesp\u00f3\u0142 stowarzyszenia KulturBr\u00fccken G\u00f6rlitz e.V. jest barwny: od pedagog\u00f3w cyrku, przez&nbsp;mened\u017cerki &#8230; <a title=\"Jak wst\u0105pi\u0107 do stowarzyszenia?\" class=\"read-more\" href=\"https:\/\/cyrkus.eu\/pl\/stowarzyszenie\/team\/\" aria-label=\"Dowiedz si\u0119 wi\u0119cej o Jak wst\u0105pi\u0107 do stowarzyszenia?\">Czytaj dalej<\/a><\/p>\n","protected":false},"author":4,"featured_media":0,"parent":340,"menu_order":0,"comment_status":"closed","ping_status":"closed","template":"","meta":{"footnotes":""},"class_list":["post-333","page","type-page","status-publish"],"_links":{"self":[{"href":"https:\/\/cyrkus.eu\/pl\/wp-json\/wp\/v2\/pages\/333","targetHints":{"allow":["GET"]}}],"collection":[{"href":"https:\/\/cyrkus.eu\/pl\/wp-json\/wp\/v2\/pages"}],"about":[{"href":"https:\/\/cyrkus.eu\/pl\/wp-json\/wp\/v2\/types\/page"}],"author":[{"embeddable":true,"href":"https:\/\/cyrkus.eu\/pl\/wp-json\/wp\/v2\/users\/4"}],"replies":[{"embeddable":true,"href":"https:\/\/cyrkus.eu\/pl\/wp-json\/wp\/v2\/comments?post=333"}],"version-history":[{"count":12,"href":"https:\/\/cyrkus.eu\/pl\/wp-json\/wp\/v2\/pages\/333\/revisions"}],"predecessor-version":[{"id":11796,"href":"https:\/\/cyrkus.eu\/pl\/wp-json\/wp\/v2\/pages\/333\/revisions\/11796"}],"up":[{"embeddable":true,"href":"https:\/\/cyrkus.eu\/pl\/wp-json\/wp\/v2\/pages\/340"}],"wp:attachment":[{"href":"https:\/\/cyrkus.eu\/pl\/wp-json\/wp\/v2\/media?parent=333"}],"curies":[{"name":"wp","href":"https:\/\/api.w.org\/{rel}","templated":true}]}}