{"id":336,"date":"2016-04-28T18:51:48","date_gmt":"2016-04-28T18:51:48","guid":{"rendered":"https:\/\/cyrkus.eu\/pl\/?page_id=336"},"modified":"2025-03-19T11:23:20","modified_gmt":"2025-03-19T10:23:20","slug":"f","status":"publish","type":"page","link":"https:\/\/cyrkus.eu\/pl\/stowarzyszenie\/f\/","title":{"rendered":"Filozofia"},"content":{"rendered":"\n<div class=\"breit ueberschrift-titel-ohne-header\">\n<h1 class=\"wp-block-heading\">Filozofia<\/h1>\n<\/div>\n\n\n\n<div class=\"breit Container-Durchsichtig\">\n<div class=\"gb-element-a02ef5c3\">\n<div>\n<a href=\"https:\/\/cyrkus.eu\/wp-content\/uploads\/2025\/03\/philosophie.webp\" target=\"\"><img loading=\"lazy\" decoding=\"async\" width=\"1024\" height=\"1024\" class=\"alignnone\" src=\"https:\/\/cyrkus.eu\/wp-content\/uploads\/2025\/03\/philosophie.webp\" srcset=\"https:\/\/cyrkus.eu\/wp-content\/uploads\/2025\/03\/philosophie.webp 1024w, https:\/\/cyrkus.eu\/wp-content\/uploads\/2025\/03\/philosophie-800x800.webp 800w, https:\/\/cyrkus.eu\/wp-content\/uploads\/2025\/03\/philosophie-340x340.webp 340w, https:\/\/cyrkus.eu\/wp-content\/uploads\/2025\/03\/philosophie-768x768.webp 768w\" sizes=\"auto, (max-width: 1024px) 100vw, 1024px\" \/><\/a>\n<\/div>\n\n\n\n<div>\n<p>Europa si\u0119 \u0142\u0105czy, a my jeste\u015bmy w jej centrum. Mieszkamy i dzia\u0142amy w mie\u015bcie, w kt\u00f3rym&nbsp;geograficzna granica pomi\u0119dzy dwoma krajami jest niemal nieodczuwalna. Stowarzyszenie&nbsp;\u201eKulturBr\u00fccken G\u00f6rlitz e.V.\u201c pracuje nad wzmocnieniem wi\u0119zi mieszka\u0144c\u00f3w i aktywn\u0105 wymian\u0105&nbsp;kultur. Stowarzyszenie jest podmiotem socjokulturalnym, kt\u00f3rego g\u0142\u00f3wnym polem dzia\u0142ania jest&nbsp;mi\u0119dzynarodowa pedagogika cyrku.<\/p>\n<\/div>\n<\/div>\n<\/div>\n","protected":false},"excerpt":{"rendered":"<p>Filozofia Europa si\u0119 \u0142\u0105czy, a my jeste\u015bmy w jej centrum. Mieszkamy i dzia\u0142amy w mie\u015bcie, &#8230; <a title=\"Filozofia\" class=\"read-more\" href=\"https:\/\/cyrkus.eu\/pl\/stowarzyszenie\/f\/\" aria-label=\"Dowiedz si\u0119 wi\u0119cej o Filozofia\">Czytaj dalej<\/a><\/p>\n","protected":false},"author":4,"featured_media":267,"parent":340,"menu_order":0,"comment_status":"closed","ping_status":"closed","template":"","meta":{"footnotes":""},"class_list":["post-336","page","type-page","status-publish","has-post-thumbnail"],"_links":{"self":[{"href":"https:\/\/cyrkus.eu\/pl\/wp-json\/wp\/v2\/pages\/336","targetHints":{"allow":["GET"]}}],"collection":[{"href":"https:\/\/cyrkus.eu\/pl\/wp-json\/wp\/v2\/pages"}],"about":[{"href":"https:\/\/cyrkus.eu\/pl\/wp-json\/wp\/v2\/types\/page"}],"author":[{"embeddable":true,"href":"https:\/\/cyrkus.eu\/pl\/wp-json\/wp\/v2\/users\/4"}],"replies":[{"embeddable":true,"href":"https:\/\/cyrkus.eu\/pl\/wp-json\/wp\/v2\/comments?post=336"}],"version-history":[{"count":9,"href":"https:\/\/cyrkus.eu\/pl\/wp-json\/wp\/v2\/pages\/336\/revisions"}],"predecessor-version":[{"id":9607,"href":"https:\/\/cyrkus.eu\/pl\/wp-json\/wp\/v2\/pages\/336\/revisions\/9607"}],"up":[{"embeddable":true,"href":"https:\/\/cyrkus.eu\/pl\/wp-json\/wp\/v2\/pages\/340"}],"wp:featuredmedia":[{"embeddable":true,"href":"https:\/\/cyrkus.eu\/pl\/wp-json\/wp\/v2\/media\/267"}],"wp:attachment":[{"href":"https:\/\/cyrkus.eu\/pl\/wp-json\/wp\/v2\/media?parent=336"}],"curies":[{"name":"wp","href":"https:\/\/api.w.org\/{rel}","templated":true}]}}