{"id":338,"date":"2016-04-28T18:54:40","date_gmt":"2016-04-28T18:54:40","guid":{"rendered":"https:\/\/cyrkus.eu\/pl\/?page_id=338"},"modified":"2025-11-20T10:54:51","modified_gmt":"2025-11-20T09:54:51","slug":"cyrkus-w-sklepie","status":"publish","type":"page","link":"https:\/\/cyrkus.eu\/pl\/cyrkus\/cyrkus-w-sklepie\/","title":{"rendered":"Wszystkie oferty"},"content":{"rendered":"\n<div class=\"breit Ueberschrift-Titel\">\n<h1 class=\"wp-block-heading\">Wszystkie oferty<\/h1>\n<\/div>\n\n\n\n<div class=\"breit Container-Gelb\"><div class=\"wp-block-image\">\n<figure class=\"aligncenter size-full\" id=\"plan\"><a href=\"https:\/\/cyrkus.eu\/wp-content\/uploads\/2025\/11\/cyrkus-plan.jpg\"><img decoding=\"async\" src=\"https:\/\/cyrkus.eu\/wp-content\/uploads\/2025\/11\/cyrkus-plan.jpg\" alt=\"\" class=\"wp-image-11435\"\/><\/a><\/figure>\n<\/div><\/div>\n\n\n\n<div class=\"breit Ueberschrift-Rot\"><\/div>\n\n\n\n<div class=\"breit Container-Blau\">\n<h3 class=\"wp-block-heading\">Dla najm\u0142odszych<\/h3>\n\n\n\n<div class=\"gb-element-c59434b9\">\n<div>\n<div class=\"gb-element-285f97da\">\n<img loading=\"lazy\" decoding=\"async\" width=\"1024\" height=\"1024\" class=\"gb-media-9b3958fe\" src=\"https:\/\/cyrkus.eu\/wp-content\/uploads\/2025\/03\/babycyrkus.webp\" title=\"babycyrkus\" srcset=\"https:\/\/cyrkus.eu\/wp-content\/uploads\/2025\/03\/babycyrkus.webp 1024w, https:\/\/cyrkus.eu\/wp-content\/uploads\/2025\/03\/babycyrkus-800x800.webp 800w, https:\/\/cyrkus.eu\/wp-content\/uploads\/2025\/03\/babycyrkus-340x340.webp 340w, https:\/\/cyrkus.eu\/wp-content\/uploads\/2025\/03\/babycyrkus-768x768.webp 768w\" sizes=\"auto, (max-width: 1024px) 100vw, 1024px\" \/>\n<\/div>\n\n\n\n<h3 class=\"gb-text gb-text-f089827e\"><a href=\"https:\/\/cyrkus.eu\/pl\/babycyrkus\/\">BabyCYRKUS<\/a><\/h3>\n<\/div>\n\n\n\n<div>\n<div class=\"gb-element-da073b37\">\n<img decoding=\"async\" class=\"gb-media-ddec962e\" src=\"https:\/\/cyrkus.eu\/wp-content\/uploads\/2025\/03\/cyrkus-spiele.webp\" title=\"cyrkus-spiele\"\/>\n<\/div>\n\n\n\n<h3 class=\"gb-text gb-text-320fd964\"><a href=\"https:\/\/cyrkus.eu\/pl\/zabawy-cyrkussowe\/\">Zabawy-CYRKUSSowe 1 &amp; 2<\/a><\/h3>\n<\/div>\n<\/div>\n<\/div>\n\n\n\n<div class=\"breit Container-Orange\">\n<h3 class=\"wp-block-heading has-contrast-4-color has-text-color has-link-color wp-elements-1b45b03de7b2c05d408f295ffb42b877\">Dla dzieci w wieku 7 lat i starszych<\/h3>\n\n\n\n<div class=\"gb-element-3403d369\">\n<div>\n<div class=\"gb-element-a5def837\">\n<img loading=\"lazy\" decoding=\"async\" width=\"1024\" height=\"1024\" class=\"gb-media-f909b384\" src=\"https:\/\/cyrkus.eu\/wp-content\/uploads\/2025\/03\/akrobatik.webp\" title=\"akrobatik\" srcset=\"https:\/\/cyrkus.eu\/wp-content\/uploads\/2025\/03\/akrobatik.webp 1024w, https:\/\/cyrkus.eu\/wp-content\/uploads\/2025\/03\/akrobatik-800x800.webp 800w, https:\/\/cyrkus.eu\/wp-content\/uploads\/2025\/03\/akrobatik-340x340.webp 340w, https:\/\/cyrkus.eu\/wp-content\/uploads\/2025\/03\/akrobatik-768x768.webp 768w\" sizes=\"auto, (max-width: 1024px) 100vw, 1024px\" \/>\n<\/div>\n\n\n\n<h3 class=\"gb-text gb-text-79f84904\"><a href=\"https:\/\/cyrkus.eu\/pl\/akrobatyka\/\">Akrobatyka 1<\/a><\/h3>\n<\/div>\n\n\n\n<div>\n<div class=\"gb-element-a1f1667a\">\n<img decoding=\"async\" class=\"gb-media-fead2c8f\" src=\"https:\/\/cyrkus.eu\/wp-content\/uploads\/2025\/03\/jonglieren.webp\" title=\"jonglieren\"\/>\n<\/div>\n\n\n\n<h3 class=\"gb-text gb-text-72a42be8\"><a href=\"https:\/\/cyrkus.eu\/pl\/zonglerka\/\">\u017bonglerka<\/a><\/h3>\n<\/div>\n\n\n\n<div>\n<div class=\"gb-element-777c03dd\">\n<img loading=\"lazy\" decoding=\"async\" width=\"1024\" height=\"1024\" class=\"gb-media-7d60edc1\" src=\"https:\/\/cyrkus.eu\/wp-content\/uploads\/2025\/03\/einrad.webp\" title=\"einrad\" srcset=\"https:\/\/cyrkus.eu\/wp-content\/uploads\/2025\/03\/einrad.webp 1024w, https:\/\/cyrkus.eu\/wp-content\/uploads\/2025\/03\/einrad-800x800.webp 800w, https:\/\/cyrkus.eu\/wp-content\/uploads\/2025\/03\/einrad-340x340.webp 340w, https:\/\/cyrkus.eu\/wp-content\/uploads\/2025\/03\/einrad-768x768.webp 768w\" sizes=\"auto, (max-width: 1024px) 100vw, 1024px\" \/>\n<\/div>\n\n\n\n<h3 class=\"gb-text gb-text-85620b86\"><a href=\"https:\/\/cyrkus.eu\/pl\/babycyrkus\/\"><\/a><a href=\"https:\/\/cyrkus.eu\/pl\/monocykl\/\">Monocykl<\/a><\/h3>\n<\/div>\n\n\n\n<div>\n<div class=\"gb-element-e62351d7\">\n<img loading=\"lazy\" decoding=\"async\" width=\"1024\" height=\"1024\" class=\"gb-media-3aa51bc1\" src=\"https:\/\/cyrkus.eu\/wp-content\/uploads\/2025\/03\/clownerie.webp\" title=\"clownerie\" srcset=\"https:\/\/cyrkus.eu\/wp-content\/uploads\/2025\/03\/clownerie.webp 1024w, https:\/\/cyrkus.eu\/wp-content\/uploads\/2025\/03\/clownerie-800x800.webp 800w, https:\/\/cyrkus.eu\/wp-content\/uploads\/2025\/03\/clownerie-340x340.webp 340w, https:\/\/cyrkus.eu\/wp-content\/uploads\/2025\/03\/clownerie-768x768.webp 768w\" sizes=\"auto, (max-width: 1024px) 100vw, 1024px\" \/>\n<\/div>\n\n\n\n<h3 class=\"gb-text gb-text-593248e4\"><a href=\"https:\/\/cyrkus.eu\/pl\/klaunada\/\">Klaunada<\/a><\/h3>\n<\/div>\n<\/div>\n<\/div>\n\n\n\n<div class=\"breit Container-Lila\">\n<h3 class=\"wp-block-heading has-contrast-3-color has-text-color has-link-color wp-elements-2ac8ebc079eacef299701bdb9ec95204\">Dla dzieci w wieku 9 lat i starszych<\/h3>\n\n\n\n<div class=\"gb-element-cd0c8497\">\n<div>\n<div class=\"gb-element-7fd3278f\">\n<img loading=\"lazy\" decoding=\"async\" width=\"1024\" height=\"1024\" class=\"gb-media-c8afe357\" src=\"https:\/\/cyrkus.eu\/wp-content\/uploads\/2025\/03\/tuch-2.webp\" title=\"tuch-2\" srcset=\"https:\/\/cyrkus.eu\/wp-content\/uploads\/2025\/03\/tuch-2.webp 1024w, https:\/\/cyrkus.eu\/wp-content\/uploads\/2025\/03\/tuch-2-800x800.webp 800w, https:\/\/cyrkus.eu\/wp-content\/uploads\/2025\/03\/tuch-2-340x340.webp 340w, https:\/\/cyrkus.eu\/wp-content\/uploads\/2025\/03\/tuch-2-768x768.webp 768w\" sizes=\"auto, (max-width: 1024px) 100vw, 1024px\" \/>\n<\/div>\n\n\n\n<h3 class=\"gb-text gb-text-3eb24f73\"><a href=\"https:\/\/cyrkus.eu\/pl\/akrobatyki-powietrznej\/\">akrobatyki powietrznej<\/a><\/h3>\n<\/div>\n\n\n\n<div>\n<div class=\"gb-element-8c9040e8\">\n<img loading=\"lazy\" decoding=\"async\" width=\"1024\" height=\"1024\" class=\"gb-media-b7dc0b33\" src=\"https:\/\/cyrkus.eu\/wp-content\/uploads\/2025\/02\/claunada.webp\" title=\"claunada\" alt=\"\" srcset=\"https:\/\/cyrkus.eu\/wp-content\/uploads\/2025\/02\/claunada.webp 1024w, https:\/\/cyrkus.eu\/wp-content\/uploads\/2025\/02\/claunada-800x800.webp 800w, https:\/\/cyrkus.eu\/wp-content\/uploads\/2025\/02\/claunada-340x340.webp 340w, https:\/\/cyrkus.eu\/wp-content\/uploads\/2025\/02\/claunada-768x768.webp 768w\" sizes=\"auto, (max-width: 1024px) 100vw, 1024px\" \/>\n<\/div>\n\n\n\n<h3 class=\"gb-text gb-text-e66ff164\"><a href=\"https:\/\/cyrkus.eu\/pl\/akrobatyka\/\">Akrobatyka 2<\/a><\/h3>\n<\/div>\n\n\n\n<div>\n<div class=\"gb-element-465152ba\">\n<img loading=\"lazy\" decoding=\"async\" width=\"1024\" height=\"1024\" class=\"gb-media-651d5e39\" src=\"https:\/\/cyrkus.eu\/wp-content\/uploads\/2025\/03\/kulisse.webp\" title=\"kulisse\" srcset=\"https:\/\/cyrkus.eu\/wp-content\/uploads\/2025\/03\/kulisse.webp 1024w, https:\/\/cyrkus.eu\/wp-content\/uploads\/2025\/03\/kulisse-800x800.webp 800w, https:\/\/cyrkus.eu\/wp-content\/uploads\/2025\/03\/kulisse-340x340.webp 340w, https:\/\/cyrkus.eu\/wp-content\/uploads\/2025\/03\/kulisse-768x768.webp 768w\" sizes=\"auto, (max-width: 1024px) 100vw, 1024px\" \/>\n<\/div>\n\n\n\n<h3 class=\"gb-text gb-text-a0b34bab\"><a href=\"https:\/\/cyrkus.eu\/pl\/scenografia\/\">Scenografia<\/a><\/h3>\n<\/div>\n\n\n\n<div><\/div>\n<\/div>\n<\/div>\n\n\n\n<div class=\"breit Container-Durchsichtig\">\n<h3 class=\"wp-block-heading has-contrast-4-color has-text-color has-link-color wp-elements-5b333968d954718f9f9e9ed54d5ec6c8\">Dla dzieci w wieku 12 lat i starszych<\/h3>\n\n\n\n<div class=\"gb-element-5ae20d5c\">\n<div>\n<div class=\"gb-element-8cb137ce\">\n<img decoding=\"async\" class=\"gb-media-54541d59\" src=\"https:\/\/cyrkus.eu\/wp-content\/uploads\/2025\/03\/lama-kolana.webp\" title=\"lama-kolana\"\/>\n<\/div>\n\n\n\n<h3 class=\"gb-text gb-text-a55e4932\"><a href=\"https:\/\/cyrkus.eu\/pl\/grupy-mlodziezowe\/\">Grupy M\u0142odzie\u017cowe<\/a><\/h3>\n<\/div>\n\n\n\n<div>\n<div class=\"gb-element-2f1382d0\">\n<img loading=\"lazy\" decoding=\"async\" width=\"1024\" height=\"1024\" class=\"gb-media-34af363d\" src=\"https:\/\/cyrkus.eu\/wp-content\/uploads\/2025\/03\/band.webp\" title=\"band\" srcset=\"https:\/\/cyrkus.eu\/wp-content\/uploads\/2025\/03\/band.webp 1024w, https:\/\/cyrkus.eu\/wp-content\/uploads\/2025\/03\/band-800x800.webp 800w, https:\/\/cyrkus.eu\/wp-content\/uploads\/2025\/03\/band-340x340.webp 340w, https:\/\/cyrkus.eu\/wp-content\/uploads\/2025\/03\/band-768x768.webp 768w\" sizes=\"auto, (max-width: 1024px) 100vw, 1024px\" \/>\n<\/div>\n\n\n\n<h3 class=\"gb-text gb-text-4bd8ed37\"><a href=\"https:\/\/cyrkus.eu\/pl\/cyrkusband\/\">CyrkusBand<\/a><\/h3>\n<\/div>\n<\/div>\n<\/div>\n\n\n\n<div class=\"breit Container-Orange\">\n<h3 class=\"wp-block-heading has-contrast-5-color has-text-color has-link-color wp-elements-27ae26e65706bcae59f69d06cb31fd33\">doro\u015b\u0142y<\/h3>\n\n\n\n<p>Do doros\u0142ych zainteresowanych CYRKUS-em kierujemy dwie oferty: z jednej strony samozorganizowany trening otwarty, a z drugiej ze wzgl\u0119dy na du\u017ce zainteresowanie: aerial, zaj\u0119cia z profesjonalnym trenerem.<\/p>\n\n\n\n<div class=\"gb-element-def72bbc\">\n<div>\n<div class=\"gb-element-44ae57cd\">\n<img loading=\"lazy\" decoding=\"async\" width=\"1024\" height=\"1024\" class=\"gb-media-ac96d987\" src=\"https:\/\/cyrkus.eu\/wp-content\/uploads\/2025\/03\/tuch-1.webp\" title=\"tuch-1\" alt=\"\" srcset=\"https:\/\/cyrkus.eu\/wp-content\/uploads\/2025\/03\/tuch-1.webp 1024w, https:\/\/cyrkus.eu\/wp-content\/uploads\/2025\/03\/tuch-1-800x800.webp 800w, https:\/\/cyrkus.eu\/wp-content\/uploads\/2025\/03\/tuch-1-340x340.webp 340w, https:\/\/cyrkus.eu\/wp-content\/uploads\/2025\/03\/tuch-1-768x768.webp 768w\" sizes=\"auto, (max-width: 1024px) 100vw, 1024px\" \/>\n<\/div>\n\n\n\n<h3 class=\"gb-text gb-text-3de7025e\"><a href=\"https:\/\/cyrkus.eu\/pl\/akrobatyki-powietrznej\/\">akrobatyki powietrznej<\/a><\/h3>\n<\/div>\n\n\n\n<div>\n<div class=\"gb-element-69262087\">\n<img loading=\"lazy\" decoding=\"async\" width=\"1024\" height=\"1024\" class=\"gb-media-992dc124\" src=\"https:\/\/cyrkus.eu\/wp-content\/uploads\/2025\/03\/cyrkus-dom-kultury-3.webp\" title=\"cyrkus-dom-kultury-3\" alt=\"\" srcset=\"https:\/\/cyrkus.eu\/wp-content\/uploads\/2025\/03\/cyrkus-dom-kultury-3.webp 1024w, https:\/\/cyrkus.eu\/wp-content\/uploads\/2025\/03\/cyrkus-dom-kultury-3-800x800.webp 800w, https:\/\/cyrkus.eu\/wp-content\/uploads\/2025\/03\/cyrkus-dom-kultury-3-340x340.webp 340w, https:\/\/cyrkus.eu\/wp-content\/uploads\/2025\/03\/cyrkus-dom-kultury-3-768x768.webp 768w\" sizes=\"auto, (max-width: 1024px) 100vw, 1024px\" \/>\n<\/div>\n\n\n\n<h3 class=\"gb-text gb-text-1d895196\"><a href=\"https:\/\/cyrkus.eu\/pl\/otwarte-warsztaty-2\/\">Otwarte Warsztaty<\/a><\/h3>\n<\/div>\n<\/div>\n<\/div>\n\n\n\n<p>Zdj\u0119cia: Wyst\u0119p CYRKUS w sklepie | im Laden 2024 \u00a9 Jacek Rydecki<\/p>\n","protected":false},"excerpt":{"rendered":"<p>Wszystkie oferty Dla najm\u0142odszych BabyCYRKUS Zabawy-CYRKUSSowe 1 &amp; 2 Dla dzieci w wieku 7 lat &#8230; <a title=\"Wszystkie oferty\" class=\"read-more\" href=\"https:\/\/cyrkus.eu\/pl\/cyrkus\/cyrkus-w-sklepie\/\" aria-label=\"Dowiedz si\u0119 wi\u0119cej o Wszystkie oferty\">Czytaj dalej<\/a><\/p>\n","protected":false},"author":4,"featured_media":3028,"parent":358,"menu_order":3,"comment_status":"closed","ping_status":"closed","template":"","meta":{"footnotes":""},"class_list":["post-338","page","type-page","status-publish","has-post-thumbnail"],"_links":{"self":[{"href":"https:\/\/cyrkus.eu\/pl\/wp-json\/wp\/v2\/pages\/338","targetHints":{"allow":["GET"]}}],"collection":[{"href":"https:\/\/cyrkus.eu\/pl\/wp-json\/wp\/v2\/pages"}],"about":[{"href":"https:\/\/cyrkus.eu\/pl\/wp-json\/wp\/v2\/types\/page"}],"author":[{"embeddable":true,"href":"https:\/\/cyrkus.eu\/pl\/wp-json\/wp\/v2\/users\/4"}],"replies":[{"embeddable":true,"href":"https:\/\/cyrkus.eu\/pl\/wp-json\/wp\/v2\/comments?post=338"}],"version-history":[{"count":197,"href":"https:\/\/cyrkus.eu\/pl\/wp-json\/wp\/v2\/pages\/338\/revisions"}],"predecessor-version":[{"id":11438,"href":"https:\/\/cyrkus.eu\/pl\/wp-json\/wp\/v2\/pages\/338\/revisions\/11438"}],"up":[{"embeddable":true,"href":"https:\/\/cyrkus.eu\/pl\/wp-json\/wp\/v2\/pages\/358"}],"wp:featuredmedia":[{"embeddable":true,"href":"https:\/\/cyrkus.eu\/pl\/wp-json\/wp\/v2\/media\/3028"}],"wp:attachment":[{"href":"https:\/\/cyrkus.eu\/pl\/wp-json\/wp\/v2\/media?parent=338"}],"curies":[{"name":"wp","href":"https:\/\/api.w.org\/{rel}","templated":true}]}}