{"id":342,"date":"2016-04-28T19:10:18","date_gmt":"2016-04-28T19:10:18","guid":{"rendered":"https:\/\/cyrkus.eu\/pl\/?page_id=342"},"modified":"2025-03-19T10:49:43","modified_gmt":"2025-03-19T09:49:43","slug":"cyrkus-w-walizce","status":"publish","type":"page","link":"https:\/\/cyrkus.eu\/pl\/cyrkus\/cyrkus-w-walizce\/","title":{"rendered":"CYRKUS w walizce"},"content":{"rendered":"\n<div class=\"breit ueberschrift-titel-ohne-header\">\n<h1 class=\"wp-block-heading\">CYRKUS w walizce<\/h1>\n<\/div>\n\n\n\n<div class=\"breit Container-Durchsichtig\">\n<div class=\"gb-element-0c26dbe5\">\n<div>\n<img loading=\"lazy\" decoding=\"async\" width=\"1024\" height=\"1024\" src=\"https:\/\/cyrkus.eu\/wp-content\/uploads\/2025\/03\/cyrkus-koffer.webp\" title=\"cyrkus-koffer\" srcset=\"https:\/\/cyrkus.eu\/wp-content\/uploads\/2025\/03\/cyrkus-koffer.webp 1024w, https:\/\/cyrkus.eu\/wp-content\/uploads\/2025\/03\/cyrkus-koffer-800x800.webp 800w, https:\/\/cyrkus.eu\/wp-content\/uploads\/2025\/03\/cyrkus-koffer-340x340.webp 340w, https:\/\/cyrkus.eu\/wp-content\/uploads\/2025\/03\/cyrkus-koffer-768x768.webp 768w\" sizes=\"auto, (max-width: 1024px) 100vw, 1024px\" \/>\n<\/div>\n\n\n\n<div>\n<p><br>Poza sta\u0142ymi projektami posiadamy przeno\u015bne CYRKUS\u00adowe walizki, z kt\u00f3rymi mo\u017cna&nbsp;nas spotka\u0107 <br>na wydarzeniach szkolnych, dniach drzwi otwartych i festiwalach, jak np.<a href=\"https:\/\/www.rabryka.eu\/justlab\/index.php\/d\/fokus-festival.html\" target=\"_blank\" rel=\"noopener\">&nbsp;festiwal Fokus<\/a> oraz <a href=\"http:\/\/www.altstadtfest-goerlitz.de\/\" target=\"_blank\" rel=\"noopener\">Altstadtfest\/Jakuby<\/a>.<\/p>\n\n\n\n<p>Ponadto organizujemy warsztaty r\u00f3wnie\u017c poza CYRKUS-owym sklepem, na przyk\u0142ad w plac\u00f3wkach szkolnych, \u015bwietlicach oraz w <a href=\"https:\/\/www.diakonie-libera.de\/einrichtungen\/details\/janusz-korczak-haus\" target=\"_blank\" rel=\"noopener\">Domu Dziecka im. Janusza Korczaka w G\u00f6rlitz<\/a>.<\/p>\n<\/div>\n<\/div>\n<\/div>\n","protected":false},"excerpt":{"rendered":"<p>CYRKUS w walizce Poza sta\u0142ymi projektami posiadamy przeno\u015bne CYRKUS\u00adowe walizki, z kt\u00f3rymi mo\u017cna&nbsp;nas spotka\u0107 na &#8230; <a title=\"CYRKUS w walizce\" class=\"read-more\" href=\"https:\/\/cyrkus.eu\/pl\/cyrkus\/cyrkus-w-walizce\/\" aria-label=\"Dowiedz si\u0119 wi\u0119cej o CYRKUS w walizce\">Czytaj dalej<\/a><\/p>\n","protected":false},"author":4,"featured_media":0,"parent":358,"menu_order":0,"comment_status":"closed","ping_status":"closed","template":"","meta":{"footnotes":""},"class_list":["post-342","page","type-page","status-publish"],"_links":{"self":[{"href":"https:\/\/cyrkus.eu\/pl\/wp-json\/wp\/v2\/pages\/342","targetHints":{"allow":["GET"]}}],"collection":[{"href":"https:\/\/cyrkus.eu\/pl\/wp-json\/wp\/v2\/pages"}],"about":[{"href":"https:\/\/cyrkus.eu\/pl\/wp-json\/wp\/v2\/types\/page"}],"author":[{"embeddable":true,"href":"https:\/\/cyrkus.eu\/pl\/wp-json\/wp\/v2\/users\/4"}],"replies":[{"embeddable":true,"href":"https:\/\/cyrkus.eu\/pl\/wp-json\/wp\/v2\/comments?post=342"}],"version-history":[{"count":16,"href":"https:\/\/cyrkus.eu\/pl\/wp-json\/wp\/v2\/pages\/342\/revisions"}],"predecessor-version":[{"id":9563,"href":"https:\/\/cyrkus.eu\/pl\/wp-json\/wp\/v2\/pages\/342\/revisions\/9563"}],"up":[{"embeddable":true,"href":"https:\/\/cyrkus.eu\/pl\/wp-json\/wp\/v2\/pages\/358"}],"wp:attachment":[{"href":"https:\/\/cyrkus.eu\/pl\/wp-json\/wp\/v2\/media?parent=342"}],"curies":[{"name":"wp","href":"https:\/\/api.w.org\/{rel}","templated":true}]}}