{"id":358,"date":"2016-04-28T19:51:12","date_gmt":"2016-04-28T19:51:12","guid":{"rendered":"https:\/\/cyrkus.eu\/pl\/?page_id=358"},"modified":"2026-04-09T12:59:55","modified_gmt":"2026-04-09T10:59:55","slug":"cyrkus","status":"publish","type":"page","link":"https:\/\/cyrkus.eu\/pl\/cyrkus\/","title":{"rendered":"Projekty"},"content":{"rendered":"\n<div class=\"Ueberschrift-Titel breit\">\n<h1 class=\"wp-block-heading\">CYRKUS-Projekty<\/h1>\n<\/div>\n\n\n\n<div class=\"Container-Durchsichtig breit\">\n<div class=\"gb-element-478890f5\">\n<div>\n<p>Co, jak i dlaczego? S\u0105 to g\u0142\u00f3wne pytania, kt\u00f3re trzeba zada\u0107 podczas aktywnej pracy\u00a0transgranicznej oraz socjokulturalnej. Stowarzyszenie KulturBr\u00fccken G\u00f6rlitz e.V. realizuje te cele\u00a0przez swoje projekty pedagogiki cyrkusowej.<\/p>\n\n\n\n<p>S\u0142owa \u201ecyrk\u201c (polski) oraz \u201eZirkus\u201c (niemiecki) zros\u0142y si\u0119 do nazwy CYRKUS. Podobnie jak Europa,&nbsp;kt\u00f3ra r\u00f3wnie\u017c zrasta si\u0119 ze sob\u0105, a my znajdujemy si\u0119 w samym \u015brodku.&nbsp;Pedagogika cyrkusowa buduje mosty pomi\u0119dzy ludzmi a nawet potrafi stworzy\u0107 pyramidy z&nbsp;ludzmi. Dla pedagogiki cyrkusowej s\u0142ownik nie jest potrzebny, poniewa\u017c tworzy w\u0142asny j\u0119zyki.<\/p>\n\n\n\n<p>Pedagogika cyrkusowa jest idealnym medium <a href=\"http:\/\/www.kreisau.de\/pl\/projekte\/inklusion\/\" target=\"_blank\" rel=\"noopener\">pedagogiki inkluzyjnej<\/a>.<\/p>\n<\/div>\n\n\n\n<div>\n<img loading=\"lazy\" decoding=\"async\" width=\"1024\" height=\"1024\" class=\"is-resized\" src=\"https:\/\/cyrkus.eu\/wp-content\/uploads\/2025\/03\/projekte.webp\" title=\"projekte\" srcset=\"https:\/\/cyrkus.eu\/wp-content\/uploads\/2025\/03\/projekte.webp 1024w, https:\/\/cyrkus.eu\/wp-content\/uploads\/2025\/03\/projekte-800x800.webp 800w, https:\/\/cyrkus.eu\/wp-content\/uploads\/2025\/03\/projekte-340x340.webp 340w, https:\/\/cyrkus.eu\/wp-content\/uploads\/2025\/03\/projekte-768x768.webp 768w\" sizes=\"auto, (max-width: 1024px) 100vw, 1024px\" \/>\n<\/div>\n<\/div>\n<\/div>\n\n\n\n<div class=\"breit Container-Lila\">\n<h2 class=\"wp-block-heading\">Wszystkie projekty<\/h2>\n\n\n\n<p>Stowarzyszenie KulturBr\u00fccken G\u00f6rlitz e.V. realizuj\u0119 cele CYRKUSu w praktyce, cz\u0119sto\u00a0wsp\u00f3\u0142pracuj\u0105c z r\u00f3\u017cnymi organizacjami.<\/p>\n\n\n\n<div class=\"gb-element-8ca4071c\">\n<div>\n<div class=\"gb-element-135a666e\">\n<img loading=\"lazy\" decoding=\"async\" width=\"1024\" height=\"1024\" class=\"gb-media-271e6360\" src=\"https:\/\/cyrkus.eu\/wp-content\/uploads\/2025\/03\/cyrkus-sommer.webp\" title=\"cyrkus-sommer\" srcset=\"https:\/\/cyrkus.eu\/wp-content\/uploads\/2025\/03\/cyrkus-sommer.webp 1024w, https:\/\/cyrkus.eu\/wp-content\/uploads\/2025\/03\/cyrkus-sommer-800x800.webp 800w, https:\/\/cyrkus.eu\/wp-content\/uploads\/2025\/03\/cyrkus-sommer-340x340.webp 340w, https:\/\/cyrkus.eu\/wp-content\/uploads\/2025\/03\/cyrkus-sommer-768x768.webp 768w\" sizes=\"auto, (max-width: 1024px) 100vw, 1024px\" \/>\n<\/div>\n\n\n\n<h3 class=\"gb-text gb-text-b2181818\"><a href=\"https:\/\/cyrkus.eu\/pl\/cyrkus\/cyrkus-w-lecie\/\">CYRKUS w lecie<\/a><\/h3>\n\n\n\n<p><\/p>\n<\/div>\n\n\n\n<div>\n<div class=\"gb-element-561ffaf7\">\n<img loading=\"lazy\" decoding=\"async\" width=\"1024\" height=\"1024\" class=\"gb-media-55992480\" src=\"https:\/\/cyrkus.eu\/wp-content\/uploads\/2025\/03\/cyrkus-laden.webp\" title=\"cyrkus-laden\" srcset=\"https:\/\/cyrkus.eu\/wp-content\/uploads\/2025\/03\/cyrkus-laden.webp 1024w, https:\/\/cyrkus.eu\/wp-content\/uploads\/2025\/03\/cyrkus-laden-800x800.webp 800w, https:\/\/cyrkus.eu\/wp-content\/uploads\/2025\/03\/cyrkus-laden-340x340.webp 340w, https:\/\/cyrkus.eu\/wp-content\/uploads\/2025\/03\/cyrkus-laden-768x768.webp 768w\" sizes=\"auto, (max-width: 1024px) 100vw, 1024px\" \/>\n<\/div>\n\n\n\n<h3 class=\"gb-text gb-text-31df4eaf\"><a href=\"https:\/\/cyrkus.eu\/pl\/cyrkus\/cyrkus-w-sklepie\/\">CYRKUS w sklepie<\/a><\/h3>\n\n\n\n<p><\/p>\n<\/div>\n\n\n\n<div>\n<div class=\"gb-element-e9a032f9\">\n<img loading=\"lazy\" decoding=\"async\" width=\"1024\" height=\"1024\" class=\"gb-media-1221a65a\" src=\"https:\/\/cyrkus.eu\/wp-content\/uploads\/2025\/03\/cyrkus-spielt-platz.webp\" title=\"cyrkus-spielt-platz\" srcset=\"https:\/\/cyrkus.eu\/wp-content\/uploads\/2025\/03\/cyrkus-spielt-platz.webp 1024w, https:\/\/cyrkus.eu\/wp-content\/uploads\/2025\/03\/cyrkus-spielt-platz-800x800.webp 800w, https:\/\/cyrkus.eu\/wp-content\/uploads\/2025\/03\/cyrkus-spielt-platz-340x340.webp 340w, https:\/\/cyrkus.eu\/wp-content\/uploads\/2025\/03\/cyrkus-spielt-platz-768x768.webp 768w\" sizes=\"auto, (max-width: 1024px) 100vw, 1024px\" \/>\n<\/div>\n\n\n\n<h3 class=\"gb-text gb-text-ef975624\"><a href=\"https:\/\/cyrkus.eu\/pl\/cyrkus\/cyrkus-w-walizce\/\">CYRKUS w walizce<\/a><\/h3>\n\n\n\n<p><\/p>\n<\/div>\n<\/div>\n<\/div>\n\n\n\n<div class=\"breit Container-Durchsichtig\">\n<div class=\"gb-element-ecafc84e\">\n<div>\n<div class=\"gb-element-33c76dc0\">\n<img loading=\"lazy\" decoding=\"async\" width=\"1024\" height=\"1024\" class=\"gb-media-11c62752\" src=\"https:\/\/cyrkus.eu\/wp-content\/uploads\/2026\/02\/cyrkus_rabryka_ok-11-s.jpg\" title=\"CYRKUS ASSYSTEN:TKA\" alt=\"CYRKUS ASSYSTEN:TKA\" srcset=\"https:\/\/cyrkus.eu\/wp-content\/uploads\/2026\/02\/cyrkus_rabryka_ok-11-s.jpg 1024w, https:\/\/cyrkus.eu\/wp-content\/uploads\/2026\/02\/cyrkus_rabryka_ok-11-s-800x800.jpg 800w, https:\/\/cyrkus.eu\/wp-content\/uploads\/2026\/02\/cyrkus_rabryka_ok-11-s-340x340.jpg 340w, https:\/\/cyrkus.eu\/wp-content\/uploads\/2026\/02\/cyrkus_rabryka_ok-11-s-768x768.jpg 768w\" sizes=\"auto, (max-width: 1024px) 100vw, 1024px\" \/>\n<\/div>\n\n\n\n<h3 class=\"gb-text gb-text-c76c9b58\"><a href=\"https:\/\/cyrkus.eu\/pl\/cyrkus-assystentka\/\">CYRKUS Assystent:ka<\/a><\/h3>\n\n\n\n<p><\/p>\n<\/div>\n\n\n\n<div>\n<div class=\"gb-element-7dd9f0e6\"><\/div>\n<\/div>\n\n\n\n<div><\/div>\n<\/div>\n<\/div>\n","protected":false},"excerpt":{"rendered":"<p>CYRKUS-Projekty Co, jak i dlaczego? S\u0105 to g\u0142\u00f3wne pytania, kt\u00f3re trzeba zada\u0107 podczas aktywnej pracy\u00a0transgranicznej &#8230; <a title=\"Projekty\" class=\"read-more\" href=\"https:\/\/cyrkus.eu\/pl\/cyrkus\/\" aria-label=\"Dowiedz si\u0119 wi\u0119cej o Projekty\">Czytaj dalej<\/a><\/p>\n","protected":false},"author":4,"featured_media":264,"parent":0,"menu_order":1,"comment_status":"closed","ping_status":"closed","template":"","meta":{"footnotes":""},"class_list":["post-358","page","type-page","status-publish","has-post-thumbnail"],"_links":{"self":[{"href":"https:\/\/cyrkus.eu\/pl\/wp-json\/wp\/v2\/pages\/358","targetHints":{"allow":["GET"]}}],"collection":[{"href":"https:\/\/cyrkus.eu\/pl\/wp-json\/wp\/v2\/pages"}],"about":[{"href":"https:\/\/cyrkus.eu\/pl\/wp-json\/wp\/v2\/types\/page"}],"author":[{"embeddable":true,"href":"https:\/\/cyrkus.eu\/pl\/wp-json\/wp\/v2\/users\/4"}],"replies":[{"embeddable":true,"href":"https:\/\/cyrkus.eu\/pl\/wp-json\/wp\/v2\/comments?post=358"}],"version-history":[{"count":56,"href":"https:\/\/cyrkus.eu\/pl\/wp-json\/wp\/v2\/pages\/358\/revisions"}],"predecessor-version":[{"id":11821,"href":"https:\/\/cyrkus.eu\/pl\/wp-json\/wp\/v2\/pages\/358\/revisions\/11821"}],"wp:featuredmedia":[{"embeddable":true,"href":"https:\/\/cyrkus.eu\/pl\/wp-json\/wp\/v2\/media\/264"}],"wp:attachment":[{"href":"https:\/\/cyrkus.eu\/pl\/wp-json\/wp\/v2\/media?parent=358"}],"curies":[{"name":"wp","href":"https:\/\/api.w.org\/{rel}","templated":true}]}}