{"id":7384,"date":"2021-05-30T14:08:16","date_gmt":"2021-05-30T13:08:16","guid":{"rendered":"https:\/\/cyrkus.eu\/home\/"},"modified":"2026-01-05T14:31:38","modified_gmt":"2026-01-05T13:31:38","slug":"home","status":"publish","type":"page","link":"https:\/\/cyrkus.eu\/pl\/","title":{"rendered":"Home"},"content":{"rendered":"\n<div class=\"breit Ueberschrift-Titel gb-element-4b2ad75f\">\n<h1 class=\"wp-block-heading\">CYRKUS dzieci\u0119co-m\u0142odzie\u017cowy <br>w G\u00f6rlitz-Zgorzelcu<\/h1>\n<\/div>\n\n\n\n<div class=\"breit Container-Durchsichtig\">\n<div class=\"gb-element-16b30f04\">\n<div>\n<img loading=\"lazy\" decoding=\"async\" width=\"1024\" height=\"1024\" src=\"https:\/\/cyrkus.eu\/wp-content\/uploads\/2025\/03\/clownzauber.webp\" title=\"clownzauber\" srcset=\"https:\/\/cyrkus.eu\/wp-content\/uploads\/2025\/03\/clownzauber.webp 1024w, https:\/\/cyrkus.eu\/wp-content\/uploads\/2025\/03\/clownzauber-800x800.webp 800w, https:\/\/cyrkus.eu\/wp-content\/uploads\/2025\/03\/clownzauber-340x340.webp 340w, https:\/\/cyrkus.eu\/wp-content\/uploads\/2025\/03\/clownzauber-768x768.webp 768w\" sizes=\"auto, (max-width: 1024px) 100vw, 1024px\" \/>\n<\/div>\n\n\n\n<div>\n<p>Co, jak i dlaczego? \u2013 swoj\u0105 misj\u0119, by dzia\u0142a\u0107 transgranicznie i aktywnie kreowa\u0107 \u017cycie spo\u0142eczno-kulturalne, stowarzyszenie KulturBr\u00fccken G\u00f6rlitz e.V. realizuje poprzez projekty pedagogiki cyrku.<\/p>\n\n\n\n<p>S\u0142owa \u201ecyrk\u201c (polski) oraz \u201eZirkus\u201c (niemiecki) zros\u0142y si\u0119 do nazwy CYRKUS \u2013 bo Europa si\u0119 jednoczy, a my jeste\u015bmy w samym jej \u015brodku.<\/p>\n<\/div>\n<\/div>\n<\/div>\n\n\n\n<section class=\"breit Container-Orange\">\n<h2 class=\"wp-block-heading has-text-align-center\">Nasze projekty<\/h2>\n\n\n\n<p class=\"has-text-align-center\">Chc\u0105c sprawi\u0107, \u017ceby G\u00f6rlitZgorzelec sta\u0142 si\u0119 bardziej kolorowy, warsztaty prowadzimy w r\u00f3\u017cnych miejscach naszego dwumiasta, gdzie trzy razy do roku przygotowujemy si\u0119 tak\u017ce do wyst\u0119p\u00f3w, podczas kt\u00f3rych projekt o\u017cywa na scenie dla rodzin, przyjaci\u00f3\u0142 oraz szerokiej publiczno\u015bci.<\/p>\n\n\n\n<div class=\"gb-element-8ca4071c\">\n<div>\n<div class=\"gb-element-135a666e\">\n<img loading=\"lazy\" decoding=\"async\" width=\"1024\" height=\"1024\" class=\"gb-media-271e6360\" src=\"https:\/\/cyrkus.eu\/wp-content\/uploads\/2025\/03\/cyrkus-sommer.webp\" title=\"cyrkus-sommer\" srcset=\"https:\/\/cyrkus.eu\/wp-content\/uploads\/2025\/03\/cyrkus-sommer.webp 1024w, https:\/\/cyrkus.eu\/wp-content\/uploads\/2025\/03\/cyrkus-sommer-800x800.webp 800w, https:\/\/cyrkus.eu\/wp-content\/uploads\/2025\/03\/cyrkus-sommer-340x340.webp 340w, https:\/\/cyrkus.eu\/wp-content\/uploads\/2025\/03\/cyrkus-sommer-768x768.webp 768w\" sizes=\"auto, (max-width: 1024px) 100vw, 1024px\" \/>\n<\/div>\n\n\n\n<h3 class=\"gb-text gb-text-b2181818\"><a href=\"https:\/\/cyrkus.eu\/pl\/cyrkus\/cyrkus-w-lecie\/\">CYRKUS w lecie<\/a><\/h3>\n<\/div>\n\n\n\n<div>\n<div class=\"gb-element-561ffaf7\">\n<img loading=\"lazy\" decoding=\"async\" width=\"1024\" height=\"1024\" class=\"gb-media-55992480\" src=\"https:\/\/cyrkus.eu\/wp-content\/uploads\/2025\/03\/cyrkus-laden.webp\" title=\"cyrkus-laden\" srcset=\"https:\/\/cyrkus.eu\/wp-content\/uploads\/2025\/03\/cyrkus-laden.webp 1024w, https:\/\/cyrkus.eu\/wp-content\/uploads\/2025\/03\/cyrkus-laden-800x800.webp 800w, https:\/\/cyrkus.eu\/wp-content\/uploads\/2025\/03\/cyrkus-laden-340x340.webp 340w, https:\/\/cyrkus.eu\/wp-content\/uploads\/2025\/03\/cyrkus-laden-768x768.webp 768w\" sizes=\"auto, (max-width: 1024px) 100vw, 1024px\" \/>\n<\/div>\n\n\n\n<h3 class=\"gb-text gb-text-31df4eaf\"><a href=\"https:\/\/cyrkus.eu\/pl\/cyrkus\/cyrkus-w-sklepie\/\">CYRKUS w sklepie<\/a><\/h3>\n<\/div>\n\n\n\n<div>\n<div class=\"gb-element-e9a032f9\">\n<img loading=\"lazy\" decoding=\"async\" width=\"1024\" height=\"1024\" class=\"gb-media-1221a65a\" src=\"https:\/\/cyrkus.eu\/wp-content\/uploads\/2025\/03\/cyrkus-spielt-platz.webp\" title=\"cyrkus-spielt-platz\" srcset=\"https:\/\/cyrkus.eu\/wp-content\/uploads\/2025\/03\/cyrkus-spielt-platz.webp 1024w, https:\/\/cyrkus.eu\/wp-content\/uploads\/2025\/03\/cyrkus-spielt-platz-800x800.webp 800w, https:\/\/cyrkus.eu\/wp-content\/uploads\/2025\/03\/cyrkus-spielt-platz-340x340.webp 340w, https:\/\/cyrkus.eu\/wp-content\/uploads\/2025\/03\/cyrkus-spielt-platz-768x768.webp 768w\" sizes=\"auto, (max-width: 1024px) 100vw, 1024px\" \/>\n<\/div>\n\n\n\n<h3 class=\"gb-text gb-text-ef975624\"><a href=\"https:\/\/cyrkus.eu\/pl\/cyrkus\/cyrkus-w-walizce\/\">CYRKUS w walizce<\/a><\/h3>\n<\/div>\n<\/div>\n\n\n\n<div class=\"gb-element-5de673a9\">\n<div><\/div>\n\n\n\n<div class=\"gb-element-28883d26\">\n<p><a href=\"https:\/\/cyrkus.eu\/pl\/cyrkus\/\">Wszystkie projekty<\/a><\/p>\n<\/div>\n\n\n\n<div><\/div>\n<\/div>\n<\/section>\n\n\n\n<section class=\"breit Container-Blau\">\n<h2 class=\"wp-block-heading has-text-align-center\">CYRKUS w sklepie<\/h2>\n\n\n\n<p class=\"has-text-align-center\">Stowarzyszenie KulturBr\u00fccken G\u00f6rlitz od 2012 roku zaprasza dzieci<br>i m\u0142odzie\u017c do udzia\u0142u w polsko-niemieckim projekcie CYRKUS w sklepie| im Laden, w kt\u00f3rym podczas cotygodniowych warsztat\u00f3w zajmujemy si\u0119 sztuk\u0105 cyrkow\u0105. W przedsi\u0119wzi\u0119ciu, kt\u00f3re zacz\u0119\u0142o si\u0119 od oko\u0142o 20 uczestnik\u00f3w i 3 warsztat\u00f3w, obecnie bierze udzia\u0142 ponad 200 artystek (-\u00f3w) i prowadzonych jest 11 warsztat\u00f3w. Wykorzystuj\u0105c narz\u0119dzia mi\u0119dzynarodowej pedagogiki cyrkowej w naszym stowarzyszeniu zach\u0119camy do odkrywania siebie i \u015bwiata przez sztuk\u0119 cyrkow\u0105, do wymiany mi\u0119dzykulturowej i do\u015bwiadczania r\u00f3\u017cnorodno\u015bci.<\/p>\n\n\n\n<div class=\"gb-element-c59434b9\">\n<div>\n<div class=\"gb-element-da073b37\">\n<img loading=\"lazy\" decoding=\"async\" width=\"1024\" height=\"1024\" class=\"gb-media-ddec962e\" src=\"https:\/\/cyrkus.eu\/wp-content\/uploads\/2025\/03\/cyrkus-spiele.webp\" title=\"cyrkus-spiele\" srcset=\"https:\/\/cyrkus.eu\/wp-content\/uploads\/2025\/03\/cyrkus-spiele.webp 1024w, https:\/\/cyrkus.eu\/wp-content\/uploads\/2025\/03\/cyrkus-spiele-800x800.webp 800w, https:\/\/cyrkus.eu\/wp-content\/uploads\/2025\/03\/cyrkus-spiele-340x340.webp 340w, https:\/\/cyrkus.eu\/wp-content\/uploads\/2025\/03\/cyrkus-spiele-768x768.webp 768w\" sizes=\"auto, (max-width: 1024px) 100vw, 1024px\" \/>\n<\/div>\n\n\n\n<h3 class=\"gb-text gb-text-320fd964\"><a href=\"https:\/\/cyrkus.eu\/pl\/zabawy-cyrkussowe\/\">Zabawy-CYRKUSowe<\/a><\/h3>\n<\/div>\n\n\n\n<div>\n<div class=\"gb-element-a5def837\">\n<img loading=\"lazy\" decoding=\"async\" width=\"1024\" height=\"1024\" class=\"gb-media-f909b384\" src=\"https:\/\/cyrkus.eu\/wp-content\/uploads\/2025\/03\/akrobatik.webp\" title=\"akrobatik\" srcset=\"https:\/\/cyrkus.eu\/wp-content\/uploads\/2025\/03\/akrobatik.webp 1024w, https:\/\/cyrkus.eu\/wp-content\/uploads\/2025\/03\/akrobatik-800x800.webp 800w, https:\/\/cyrkus.eu\/wp-content\/uploads\/2025\/03\/akrobatik-340x340.webp 340w, https:\/\/cyrkus.eu\/wp-content\/uploads\/2025\/03\/akrobatik-768x768.webp 768w\" sizes=\"auto, (max-width: 1024px) 100vw, 1024px\" \/>\n<\/div>\n\n\n\n<h3 class=\"gb-text gb-text-79f84904\"><a href=\"https:\/\/cyrkus.eu\/pl\/akrobatyka\/\">Akrobatyka<\/a><\/h3>\n<\/div>\n\n\n\n<div>\n<div class=\"gb-element-285f97da\">\n<img loading=\"lazy\" decoding=\"async\" width=\"1024\" height=\"1024\" class=\"gb-media-9b3958fe\" src=\"https:\/\/cyrkus.eu\/wp-content\/uploads\/2025\/03\/babycyrkus.webp\" title=\"babycyrkus\" srcset=\"https:\/\/cyrkus.eu\/wp-content\/uploads\/2025\/03\/babycyrkus.webp 1024w, https:\/\/cyrkus.eu\/wp-content\/uploads\/2025\/03\/babycyrkus-800x800.webp 800w, https:\/\/cyrkus.eu\/wp-content\/uploads\/2025\/03\/babycyrkus-340x340.webp 340w, https:\/\/cyrkus.eu\/wp-content\/uploads\/2025\/03\/babycyrkus-768x768.webp 768w\" sizes=\"auto, (max-width: 1024px) 100vw, 1024px\" \/>\n<\/div>\n\n\n\n<h3 class=\"gb-text gb-text-f089827e\"><a href=\"https:\/\/cyrkus.eu\/pl\/babycyrkus\/\">BabyCYRKUS<\/a><\/h3>\n<\/div>\n<\/div>\n\n\n\n<div class=\"gb-element-9cedf273\">\n<div><\/div>\n\n\n\n<div class=\"gb-element-5e4dd9ac\">\n<p><a href=\"https:\/\/cyrkus.eu\/pl\/cyrkus\/cyrkus-w-sklepie\/\">Wszystkie warsztaty<\/a><\/p>\n<\/div>\n\n\n\n<div><\/div>\n<\/div>\n<\/section>\n\n\n\n<section class=\"breit Container-Lila\">\n<h2 class=\"wp-block-heading has-text-align-center\">Stowarzyszenie<\/h2>\n\n\n\n<p class=\"has-text-align-center\">Praca stowarzyszenia KulturBr\u00fccken G\u00f6rlitz e.V. jako podmiotu samodzielnego, jak i wraz z partnerami ma na celu, wspieranie powsta\u0142ych ju\u017c kontakt\u00f3w i tworzenie nowych wsp\u00f3lnych. Z jednej strony punktu kontakt\u00f3w mi\u0119dzyludzkich, z drugiej za\u015b z cyrkiem b\u0119d\u0105cym narz\u0119dziem przekazu. Projekty stowarzyszenia umo\u017cliwiaj\u0105 przede wszystkim polskim i niemieckim uczestnikom regularny kontakt w nieprzymuszonych ramach.<\/p>\n\n\n\n<div class=\"gb-element-fd706e31\">\n<div>\n<div class=\"gb-element-434c5de3\">\n<img loading=\"lazy\" decoding=\"async\" width=\"1024\" height=\"1024\" class=\"gb-media-71dfb331\" src=\"https:\/\/cyrkus.eu\/wp-content\/uploads\/2025\/03\/philosophie.webp\" title=\"philosophie\" srcset=\"https:\/\/cyrkus.eu\/wp-content\/uploads\/2025\/03\/philosophie.webp 1024w, https:\/\/cyrkus.eu\/wp-content\/uploads\/2025\/03\/philosophie-800x800.webp 800w, https:\/\/cyrkus.eu\/wp-content\/uploads\/2025\/03\/philosophie-340x340.webp 340w, https:\/\/cyrkus.eu\/wp-content\/uploads\/2025\/03\/philosophie-768x768.webp 768w\" sizes=\"auto, (max-width: 1024px) 100vw, 1024px\" \/>\n<\/div>\n\n\n\n<h3 class=\"gb-text gb-text-7037e77f\"><a href=\"https:\/\/cyrkus.eu\/pl\/stowarzyszenie\/f\/\">Filozofia<\/a><\/h3>\n<\/div>\n\n\n\n<div>\n<div class=\"gb-element-ce5251c0\">\n<img loading=\"lazy\" decoding=\"async\" width=\"1024\" height=\"1024\" class=\"gb-media-e13de3e5\" src=\"https:\/\/cyrkus.eu\/wp-content\/uploads\/2025\/03\/mitglied-werden.webp\" title=\"mitglied-werden\" srcset=\"https:\/\/cyrkus.eu\/wp-content\/uploads\/2025\/03\/mitglied-werden.webp 1024w, https:\/\/cyrkus.eu\/wp-content\/uploads\/2025\/03\/mitglied-werden-800x800.webp 800w, https:\/\/cyrkus.eu\/wp-content\/uploads\/2025\/03\/mitglied-werden-340x340.webp 340w, https:\/\/cyrkus.eu\/wp-content\/uploads\/2025\/03\/mitglied-werden-768x768.webp 768w\" sizes=\"auto, (max-width: 1024px) 100vw, 1024px\" \/>\n<\/div>\n\n\n\n<h3 class=\"gb-text gb-text-b3839249\"><a href=\"https:\/\/cyrkus.eu\/pl\/stowarzyszenie\/team\/\">Jak wst\u0105pi\u0107 do stowarzyszenia?<\/a><\/h3>\n<\/div>\n\n\n\n<div>\n<div class=\"gb-element-26e57c84\">\n<img loading=\"lazy\" decoding=\"async\" width=\"1024\" height=\"1024\" class=\"gb-media-aeb19386\" src=\"https:\/\/cyrkus.eu\/wp-content\/uploads\/2025\/03\/spenden.webp\" title=\"spenden\" srcset=\"https:\/\/cyrkus.eu\/wp-content\/uploads\/2025\/03\/spenden.webp 1024w, https:\/\/cyrkus.eu\/wp-content\/uploads\/2025\/03\/spenden-800x800.webp 800w, https:\/\/cyrkus.eu\/wp-content\/uploads\/2025\/03\/spenden-340x340.webp 340w, https:\/\/cyrkus.eu\/wp-content\/uploads\/2025\/03\/spenden-768x768.webp 768w\" sizes=\"auto, (max-width: 1024px) 100vw, 1024px\" \/>\n<\/div>\n\n\n\n<h3 class=\"gb-text gb-text-1fe0a98f\"><a href=\"https:\/\/cyrkus.eu\/pl\/podarowac\/\">wp\u0142a\u0107 darowizn\u0119<\/a><\/h3>\n<\/div>\n<\/div>\n\n\n\n<div class=\"gb-element-40c9f2e2\">\n<div><\/div>\n\n\n\n<div class=\"gb-element-bc9bb12c\">\n<p><a href=\"https:\/\/cyrkus.eu\/pl\/stowarzyszenie\/\">Stowarzyszenie<\/a><\/p>\n<\/div>\n\n\n\n<div><\/div>\n<\/div>\n<\/section>\n\n\n\n<p><\/p>\n","protected":false},"excerpt":{"rendered":"<p>CYRKUS dzieci\u0119co-m\u0142odzie\u017cowy w G\u00f6rlitz-Zgorzelcu Co, jak i dlaczego? \u2013 swoj\u0105 misj\u0119, by dzia\u0142a\u0107 transgranicznie i &#8230; <a title=\"Home\" class=\"read-more\" href=\"https:\/\/cyrkus.eu\/pl\/\" aria-label=\"Dowiedz si\u0119 wi\u0119cej o Home\">Czytaj dalej<\/a><\/p>\n","protected":false},"author":9,"featured_media":0,"parent":0,"menu_order":0,"comment_status":"closed","ping_status":"closed","template":"","meta":{"footnotes":""},"class_list":["post-7384","page","type-page","status-publish"],"_links":{"self":[{"href":"https:\/\/cyrkus.eu\/pl\/wp-json\/wp\/v2\/pages\/7384","targetHints":{"allow":["GET"]}}],"collection":[{"href":"https:\/\/cyrkus.eu\/pl\/wp-json\/wp\/v2\/pages"}],"about":[{"href":"https:\/\/cyrkus.eu\/pl\/wp-json\/wp\/v2\/types\/page"}],"author":[{"embeddable":true,"href":"https:\/\/cyrkus.eu\/pl\/wp-json\/wp\/v2\/users\/9"}],"replies":[{"embeddable":true,"href":"https:\/\/cyrkus.eu\/pl\/wp-json\/wp\/v2\/comments?post=7384"}],"version-history":[{"count":63,"href":"https:\/\/cyrkus.eu\/pl\/wp-json\/wp\/v2\/pages\/7384\/revisions"}],"predecessor-version":[{"id":11553,"href":"https:\/\/cyrkus.eu\/pl\/wp-json\/wp\/v2\/pages\/7384\/revisions\/11553"}],"wp:attachment":[{"href":"https:\/\/cyrkus.eu\/pl\/wp-json\/wp\/v2\/media?parent=7384"}],"curies":[{"name":"wp","href":"https:\/\/api.w.org\/{rel}","templated":true}]}}