{"id":7564,"date":"2025-02-26T22:28:07","date_gmt":"2025-02-26T21:28:07","guid":{"rendered":"https:\/\/cyrkus.eu\/?page_id=7564"},"modified":"2025-11-25T16:20:11","modified_gmt":"2025-11-25T15:20:11","slug":"podarowac","status":"publish","type":"page","link":"https:\/\/cyrkus.eu\/pl\/podarowac\/","title":{"rendered":"DAROWIZNY"},"content":{"rendered":"\n<div class=\"breit Ueberschrift-Titel\">\n<h1 class=\"wp-block-heading\">DAROWIZNY<\/h1>\n<\/div>\n\n\n\n<div class=\"breit Container-Durchsichtig\">\n<div class=\"gb-element-73ab77e7\">\n<div>\n<p>u\u017c 200 dzieci korzysta co tydzie\u0144 z r\u00f3\u017cnorodnej oferty pedagogiki cyrku i do\u015bwiadcza, jak to jest wsp\u00f3lnie przekracza\u0107 w\u0142asne granice. Kiedy dziecko, kt\u00f3re zazwyczaj nie ma odwagi przemawia\u0107 przed innymi, nagle staje na scenie cyrkowej jako klaun i roz\u015bmiesza publiczno\u015b\u0107 &#8211; to czysta magia. Szczeg\u00f3lnie w polsko-niemieckim regionie przygranicznym powstaje w ten spos\u00f3b miejsce spotka\u0144, w kt\u00f3rym dzieci z r\u00f3\u017cnych kultur trenuj\u0105 razem, \u015bmiej\u0105 si\u0119 i ucz\u0105 si\u0119 od siebie nawzajem.<\/p>\n\n\n\n<p>Wesprzyj nasz\u0105 prac\u0119 darowizn\u0105 \u2013 aby jeszcze wi\u0119cej dzieci po obu stronach Nysy mog\u0142o znale\u017a\u0107 swoj\u0105 scen\u0119.<\/p>\n\n\n\n<p><a href=\"#formular\">przejd\u017a do formularza wp\u0142aty<\/a><\/p>\n<\/div>\n\n\n\n<div><div class=\"wp-block-image\">\n<figure class=\"aligncenter size-full is-resized\" id=\"bank\"><a href=\"https:\/\/cyrkus.eu\/wp-content\/uploads\/2024\/12\/spendenaufruf-1-3.png\"><img loading=\"lazy\" decoding=\"async\" width=\"1080\" height=\"1080\" src=\"https:\/\/cyrkus.eu\/wp-content\/uploads\/2024\/12\/spendenaufruf-1-3.png\" alt=\"\" class=\"wp-image-6979\" style=\"width:505px;height:auto\" srcset=\"https:\/\/cyrkus.eu\/wp-content\/uploads\/2024\/12\/spendenaufruf-1-3.png 1080w, https:\/\/cyrkus.eu\/wp-content\/uploads\/2024\/12\/spendenaufruf-1-3-800x800.png 800w, https:\/\/cyrkus.eu\/wp-content\/uploads\/2024\/12\/spendenaufruf-1-3-340x340.png 340w, https:\/\/cyrkus.eu\/wp-content\/uploads\/2024\/12\/spendenaufruf-1-3-768x768.png 768w, https:\/\/cyrkus.eu\/wp-content\/uploads\/2024\/12\/spendenaufruf-1-3-500x500.png 500w\" sizes=\"auto, (max-width: 1080px) 100vw, 1080px\" \/><\/a><\/figure>\n<\/div><\/div>\n<\/div>\n<\/div>\n\n\n\n<div class=\"breit Container-Blau\">\n<div class=\"gb-element-b2623022\">\n<div>\n<a href=\"https:\/\/cyrkus.eu\/wp-content\/uploads\/2025\/03\/cyrkusarbeit.webp\" target=\"\"><img loading=\"lazy\" decoding=\"async\" width=\"1024\" height=\"1024\" src=\"https:\/\/cyrkus.eu\/wp-content\/uploads\/2025\/03\/spenden.webp\" title=\"spenden\" srcset=\"https:\/\/cyrkus.eu\/wp-content\/uploads\/2025\/03\/spenden.webp 1024w, https:\/\/cyrkus.eu\/wp-content\/uploads\/2025\/03\/spenden-800x800.webp 800w, https:\/\/cyrkus.eu\/wp-content\/uploads\/2025\/03\/spenden-340x340.webp 340w, https:\/\/cyrkus.eu\/wp-content\/uploads\/2025\/03\/spenden-768x768.webp 768w\" sizes=\"auto, (max-width: 1024px) 100vw, 1024px\" \/><\/a>\n<\/div>\n\n\n\n<div>\n<p><strong>Drodzy przyjaciele CYRKUSa,<\/strong><\/p>\n\n\n\n<p>\u017cyczymy wam kolorowego 2025 roku i wracamy do Was po \u015bwi\u0105tecznej przerwie!<br><strong>Dzi\u0119ki dotychczasowej hojno\u015bci darczy\u0144c\u00f3w, za co jeste\u015bmy ogromnie wdzi\u0119czni, uda\u0142o nam si\u0119 unikn\u0105\u0107 najgorszego i 6 stycznia mogli\u015bmy zgodnie z planem ponownie otworzy\u0107 nasz CYRKUS DOMicil. Wszystkie zaj\u0119cia odbywaj\u0105 si\u0119 bez zmian!<\/strong><\/p>\n\n\n\n<p>Jednocze\u015bnie nadal ka\u017cde wsparcie finansowe jest dla nas nieocenione, poniewa\u017c nasza sytuacja wci\u0105\u017c jest bardzo trudna. <\/p>\n<\/div>\n<\/div>\n<\/div>\n\n\n\n<div class=\"breit Container-Orange\">\n<div class=\"gb-element-04a7f9fc\">\n<div>\n<p><strong>Drodzy przyjaciele CYRKUSa,<\/strong><\/p>\n\n\n\n<p><strong>w grudniu spogl\u0105damy wstecz na wspania\u0142y rok 2024, kt\u00f3ry by\u0142 dla nas pe\u0142en pasji, rado\u015bci i zabawy. By\u0142 to r\u00f3wnie\u017c rok wype\u0142niony mniejszymi i wi\u0119kszymi sprawami \u017cycia codziennego, bogaty w fantazj\u0119 oraz nowe przedsi\u0119wzi\u0119cia, jak nasz pierwszy festiwal i otwarcie DOMicilu, jednak przede wszystkim enregi\u0105 niesamowitych m\u0142odych ludzi, kt\u00f3rzy wraz z nami zanurzyli si\u0119 w cyrkowy \u015bwiat. Zwie\u0144czeniem by\u0142 urzekaj\u0105cy pokaz CYRKUS-Wonderland-Show naszych m\u0142odych artyst\u00f3w i artystek, kt\u00f3ry po raz kolejny zostawi\u0142 nas oniemia\u0142ych z wra\u017cenia i szcz\u0119\u015bliwych.<\/strong><\/p>\n<\/div>\n\n\n\n<div>\n<a href=\"https:\/\/cyrkus.eu\/wp-content\/uploads\/2025\/03\/cyrkusarbeit.webp\" target=\"\"><img loading=\"lazy\" decoding=\"async\" width=\"1024\" height=\"1024\" src=\"https:\/\/cyrkus.eu\/wp-content\/uploads\/2025\/03\/auftritt.webp\" title=\"auftritt\" alt=\"\" srcset=\"https:\/\/cyrkus.eu\/wp-content\/uploads\/2025\/03\/auftritt.webp 1024w, https:\/\/cyrkus.eu\/wp-content\/uploads\/2025\/03\/auftritt-800x800.webp 800w, https:\/\/cyrkus.eu\/wp-content\/uploads\/2025\/03\/auftritt-340x340.webp 340w, https:\/\/cyrkus.eu\/wp-content\/uploads\/2025\/03\/auftritt-768x768.webp 768w\" sizes=\"auto, (max-width: 1024px) 100vw, 1024px\" \/><\/a>\n<\/div>\n<\/div>\n<\/div>\n\n\n\n<div class=\"breit Container-Blau\">\n<p>Jednak od kilku tygodni znajdujemy si\u0119 pod ogromn\u0105 presj\u0105. Stoimy w obliczu powa\u017cnego kryzysu p\u0142ynno\u015bci finansowej, kt\u00f3ry zagra\u017ca finansowaniu naszych projekt\u00f3w. Przede wszystkim zagro\u017cone jest dotychczasowe utrzymanie 6 etat\u00f3w oraz 13 niezale\u017cnych wsp\u00f3\u0142pracownik\u00f3w\/-czek o stycznia 2025 roku. Szczeg\u00f3lnie trudna jest sytuacja 3 naszych sta\u0142ych pracownik\u00f3w\/-czek, kt\u00f3rzy swoja codzienn\u0105 prac\u0105 zapewniaj\u0105 wysok\u0105 jako\u015b\u0107 wszystkich naszych przedsi\u0119wzi\u0119\u0107. Funkcjonowanie tych trzech stanowisk stoi pod znakiem zapytania, poniewa\u017c nie mamy pewno\u015bci, czy otrzymamy na nie jakiekolwiek dofinansowanie.<\/p>\n\n\n\n<p><strong>Przyczyny tej sytuacji s\u0105 zwi\u0105zane g\u0142\u00f3wnie z tym, i\u017c przysz\u0142oroczne bud\u017cety zar\u00f3wno na poziomie powiatu G\u00f6rlitz, jak i kraju zwi\u0105zkowego Saksonia, nie s\u0105 uchwalone, wobec czego nie uzyskamy w tym roku oficjalnej informacji o wysoko\u015bci przyznanego finansowania lub potwierdzenia, \u017ce dofinansowanie na prewencyjn\u0105 prac\u0119 z dzie\u0107mi i m\u0142odzie\u017c\u0105 w 2025 roku zostanie nam w og\u00f3le przyznane. Ponadto wielu grantodawc\u00f3w zmniejsza przyznawane dotychczas dotacje, poniewa\u017c sami dysponuj\u0105 mniejszymi \u015brodkami finansowymi.<\/strong><\/p>\n\n\n\n<p>Je\u015bli sytuacja si\u0119 nie zmieni, mo\u017cemy by\u0107 zmuszeni zamkn\u0105\u0107 nasz DOMicil od stycznia do marca 2025 roku i na ten czas wstrzyma\u0107 nasz\u0105 dzia\u0142alno\u015b\u0107.<\/p>\n\n\n\n<p>Dlatego zwracamy si\u0119 do Was z pilnym apelem o wsparcie finansowe. Potrzebujemy Waszej pomocy, aby m\u00f3c kontynuowa\u0107 nasz\u0105 prac\u0119 z oko\u0142o 200 dzie\u0107mi i m\u0142odzie\u017c\u0105. Aby zapewni\u0107 r\u00f3\u017cnorodno\u015b\u0107, inkluzywno\u015b\u0107 i dost\u0119pno\u015b\u0107 udzia\u0142u w naszych projektach dla wszystkich m\u0142odych ludzi, op\u0142aty za nasze zaj\u0119cia zawsze by\u0142y niewysokie. W rzeczywisto\u015bci jednak potrzebna by\u0142aby kwota oko\u0142o 100 euro miesi\u0119cznie za dziecko w sezonie, aby pokry\u0107 ponoszone koszty.<\/p>\n<\/div>\n\n\n\n<div class=\"breit Container-Durchsichtig\">\n<h2 class=\"wp-block-heading\" id=\"formular\">formularza wp\u0142aty<\/h2>\n\n\n\n<p>Skorzystajcie z formularza, aby przekaza\u0107 darowizn\u0119, lub dokonajcie przelewu bezpo\u015brednio na <a href=\"#bank\">konto<\/a><\/p>\n\n\n\n<style id=\"wpforms-css-vars-11502\">\n\t\t\t\t#wpforms-11502 {\n\t\t\t\t--wpforms-field-border-color: rgba(0, 0, 0, 0.25);\n--wpforms-field-border-color-spare: rgba(0, 0, 0, 0.25);\n--wpforms-field-text-color: rgba(0, 0, 0, 0.7);\n--wpforms-label-color: #ffffff;\n--wpforms-label-sublabel-color: #ffffff;\n--wpforms-background-color: rgba(0, 0, 0, 0);\n--wpforms-field-size-input-height: 43px;\n--wpforms-field-size-input-spacing: 15px;\n--wpforms-field-size-font-size: 16px;\n--wpforms-field-size-line-height: 19px;\n--wpforms-field-size-padding-h: 14px;\n--wpforms-field-size-checkbox-size: 16px;\n--wpforms-field-size-sublabel-spacing: 5px;\n--wpforms-field-size-icon-size: 1;\n--wpforms-label-size-font-size: 16px;\n--wpforms-label-size-line-height: 19px;\n--wpforms-label-size-sublabel-font-size: 14px;\n--wpforms-label-size-sublabel-line-height: 17px;\n--wpforms-button-size-font-size: 17px;\n--wpforms-button-size-height: 41px;\n--wpforms-button-size-padding-h: 15px;\n--wpforms-button-size-margin-top: 10px;\n--wpforms-container-shadow-size-box-shadow: none;\n\t\t\t}\n\t\t\t<\/style><div class=\"wpforms-container wpforms-container-full wpforms-stripe wpforms-render-modern\" id=\"wpforms-11502\"><form id=\"wpforms-form-11502\" class=\"wpforms-validate wpforms-form wpforms-ajax-form\" data-formid=\"11502\" method=\"post\" enctype=\"multipart\/form-data\" action=\"\/pl\/wp-json\/wp\/v2\/pages\/7564\" data-token=\"859ec751ca26ac8102321a7082e97de8\" data-token-time=\"1776940203\"><noscript class=\"wpforms-error-noscript\">Aby wype\u0142ni\u0107 ten formularz, w\u0142\u0105cz obs\u0142ug\u0119 JavaScript w przegl\u0105darce.<\/noscript><div id=\"wpforms-error-noscript\" style=\"display: none;\">Aby wype\u0142ni\u0107 ten formularz, w\u0142\u0105cz obs\u0142ug\u0119 JavaScript w przegl\u0105darce.<\/div><div class=\"wpforms-field-container\"><div id=\"wpforms-11502-field_0-container\" class=\"wpforms-field wpforms-field-name\" data-field-id=\"0\"><fieldset><legend class=\"wpforms-field-label\">Imi\u0119 <span class=\"wpforms-required-label\" aria-hidden=\"true\">*<\/span><\/legend><div class=\"wpforms-field-row wpforms-field-medium\"><div class=\"wpforms-field-row-block wpforms-first wpforms-one-half\"><input type=\"text\" id=\"wpforms-11502-field_0\" class=\"wpforms-field-name-first wpforms-field-required\" name=\"wpforms[fields][0][first]\" placeholder=\"Imi\u0119\" aria-errormessage=\"wpforms-11502-field_0-error\" required><label for=\"wpforms-11502-field_0\" class=\"wpforms-field-sublabel after wpforms-sublabel-hide\">Pierwszy<\/label><\/div><div class=\"wpforms-field-row-block wpforms-one-half\"><input type=\"text\" id=\"wpforms-11502-field_0-last\" class=\"wpforms-field-name-last wpforms-field-required\" name=\"wpforms[fields][0][last]\" placeholder=\"Nazwisko\" aria-errormessage=\"wpforms-11502-field_0-last-error\" required><label for=\"wpforms-11502-field_0-last\" class=\"wpforms-field-sublabel after wpforms-sublabel-hide\">Ostatni<\/label><\/div><\/div><\/fieldset><\/div><div id=\"wpforms-11502-field_21-container\" class=\"wpforms-field wpforms-field-email\" data-field-id=\"21\"><label class=\"wpforms-field-label\" for=\"wpforms-11502-field_21\">Adres Email <span class=\"wpforms-required-label\" aria-hidden=\"true\">*<\/span><\/label><input type=\"email\" id=\"wpforms-11502-field_21\" class=\"wpforms-field-medium wpforms-field-required\" name=\"wpforms[fields][21]\" spellcheck=\"false\" aria-errormessage=\"wpforms-11502-field_21-error\" required><\/div>\t\t<div id=\"wpforms-11502-field_1-container\"\n\t\t\tclass=\"wpforms-field wpforms-field-text\"\n\t\t\tdata-field-type=\"text\"\n\t\t\tdata-field-id=\"1\"\n\t\t\t>\n\t\t\t<label class=\"wpforms-field-label\" for=\"wpforms-11502-field_1\" >Karta CYRKUSa dla<\/label>\n\t\t\t<input type=\"text\" id=\"wpforms-11502-field_1\" class=\"wpforms-field-medium\" name=\"wpforms[fields][1]\" >\n\t\t<\/div>\n\t\t<div id=\"wpforms-11502-field_20-container\" class=\"wpforms-field wpforms-field-payment-select wpforms-field-select-style-classic\" data-field-id=\"20\"><label class=\"wpforms-field-label\" for=\"wpforms-11502-field_20\">Kwota darowizny dla CYRKUSa<\/label><select id=\"wpforms-11502-field_20\" class=\"wpforms-payment-price wpforms-field-medium\" name=\"wpforms[fields][20]\"><option value=\"1\" data-amount=\"5,00\" >wp\u0142acam 5 euro<\/option><option value=\"2\" data-amount=\"10,00\" >wp\u0142acam 10 euro<\/option><option value=\"3\" data-amount=\"25,00\" >wp\u0142acam 25 euro<\/option><option value=\"4\" data-amount=\"50,00\" >wp\u0142acam 50 euro<\/option><option value=\"5\" data-amount=\"100,00\" >wp\u0142acam 100 euro<\/option><option value=\"6\" data-amount=\"500,00\" >wp\u0142acam 500 euro<\/option><\/select><\/div><div id=\"wpforms-11502-field_10-container\" class=\"wpforms-field wpforms-field-stripe-credit-card\" data-field-id=\"10\"><label class=\"wpforms-field-label\">Karta kredytowa <span class=\"wpforms-required-label\" aria-hidden=\"true\">*<\/span><\/label><div class=\"wpforms-field-row wpforms-no-columns wpforms-field-medium \" data-sublabel-position=\"above\" data-link-email=\"\" data-required=\"1\"><div id=\"wpforms-field-stripe-link-element-11502\"><\/div><div id=\"wpforms-field-stripe-payment-element-11502\"><\/div><input type=\"text\" class=\"wpforms-stripe-credit-card-hidden-input\" name=\"wpforms[stripe-credit-card-hidden-input-11502]\" disabled style=\"display: none;\"><\/div><\/div><script>\n\t\t\t\t( function() {\n\t\t\t\t\tconst style = document.createElement( 'style' );\n\t\t\t\t\tstyle.appendChild( document.createTextNode( '#wpforms-11502-field_1-container { position: absolute !important; overflow: hidden !important; display: inline !important; height: 1px !important; width: 1px !important; z-index: -1000 !important; padding: 0 !important; } #wpforms-11502-field_1-container input { visibility: hidden; } #wpforms-conversational-form-page #wpforms-11502-field_1-container label { counter-increment: none; }' ) );\n\t\t\t\t\tdocument.head.appendChild( style );\n\t\t\t\t\tdocument.currentScript?.remove();\n\t\t\t\t} )();\n\t\t\t<\/script><\/div><!-- .wpforms-field-container --><div class=\"wpforms-submit-container\" ><input type=\"hidden\" name=\"wpforms[id]\" value=\"11502\"><input type=\"hidden\" name=\"page_title\" value=\"\"><input type=\"hidden\" name=\"page_url\" value=\"https:\/\/cyrkus.eu\/pl\/wp-json\/wp\/v2\/pages\/7564\"><input type=\"hidden\" name=\"url_referer\" value=\"\"><button type=\"submit\" name=\"wpforms[submit]\" id=\"wpforms-submit-11502\" class=\"wpforms-submit\" data-alt-text=\"Ihre Spende wird verarbeitet\" data-submit-text=\"Przeka\u017c teraz\" aria-live=\"assertive\" value=\"wpforms-submit\">Przeka\u017c teraz<\/button><img loading=\"lazy\" decoding=\"async\" src=\"https:\/\/cyrkus.eu\/wp-content\/plugins\/wpforms\/assets\/images\/submit-spin.svg\" class=\"wpforms-submit-spinner\" style=\"display: none;\" width=\"26\" height=\"26\" alt=\"Wczytywanie\"><\/div><\/form><\/div>  <!-- .wpforms-container -->\n<\/div>\n","protected":false},"excerpt":{"rendered":"<p>DAROWIZNY u\u017c 200 dzieci korzysta co tydzie\u0144 z r\u00f3\u017cnorodnej oferty pedagogiki cyrku i do\u015bwiadcza, jak &#8230; <a title=\"DAROWIZNY\" class=\"read-more\" href=\"https:\/\/cyrkus.eu\/pl\/podarowac\/\" aria-label=\"Dowiedz si\u0119 wi\u0119cej o DAROWIZNY\">Czytaj dalej<\/a><\/p>\n","protected":false},"author":9,"featured_media":0,"parent":0,"menu_order":0,"comment_status":"closed","ping_status":"closed","template":"","meta":{"footnotes":""},"class_list":["post-7564","page","type-page","status-publish"],"_links":{"self":[{"href":"https:\/\/cyrkus.eu\/pl\/wp-json\/wp\/v2\/pages\/7564","targetHints":{"allow":["GET"]}}],"collection":[{"href":"https:\/\/cyrkus.eu\/pl\/wp-json\/wp\/v2\/pages"}],"about":[{"href":"https:\/\/cyrkus.eu\/pl\/wp-json\/wp\/v2\/types\/page"}],"author":[{"embeddable":true,"href":"https:\/\/cyrkus.eu\/pl\/wp-json\/wp\/v2\/users\/9"}],"replies":[{"embeddable":true,"href":"https:\/\/cyrkus.eu\/pl\/wp-json\/wp\/v2\/comments?post=7564"}],"version-history":[{"count":24,"href":"https:\/\/cyrkus.eu\/pl\/wp-json\/wp\/v2\/pages\/7564\/revisions"}],"predecessor-version":[{"id":11832,"href":"https:\/\/cyrkus.eu\/pl\/wp-json\/wp\/v2\/pages\/7564\/revisions\/11832"}],"wp:attachment":[{"href":"https:\/\/cyrkus.eu\/pl\/wp-json\/wp\/v2\/media?parent=7564"}],"curies":[{"name":"wp","href":"https:\/\/api.w.org\/{rel}","templated":true}]}}